{"id":961,"date":"2023-06-07T17:03:35","date_gmt":"2023-06-07T17:03:35","guid":{"rendered":"https:\/\/villadelsueno.com\/fr\/?page_id=961"},"modified":"2026-01-06T21:50:46","modified_gmt":"2026-01-06T21:50:46","slug":"location-de-voitures","status":"publish","type":"page","link":"https:\/\/villadelsueno.com\/fr\/location-de-voitures\/","title":{"rendered":"Location de Voitures"},"content":{"rendered":"<div class=\"wpb-content-wrapper\"><p>[vc_row full_width=\u00a0\u00bbstretch_row\u00a0\u00bb][vc_column width=\u00a0\u00bb1\/3&Prime; offset=\u00a0\u00bbvc_col-lg-offset-2&Prime;][vc_single_image image=\u00a0\u00bb962&Prime; img_size=\u00a0\u00bbfull\u00a0\u00bb alignment=\u00a0\u00bbcenter\u00a0\u00bb css=\u00a0\u00bb.vc_custom_1686157253456{border-top-width: 2px !important;border-right-width: 2px !important;border-bottom-width: 2px !important;border-left-width: 2px !important;padding-top: 2px !important;padding-right: 2px !important;padding-bottom: 2px !important;padding-left: 2px !important;border-left-color: #e8641b !important;border-left-style: solid !important;border-right-color: #e8641b !important;border-right-style: solid !important;border-top-color: #e8641b !important;border-top-style: solid !important;border-bottom-color: #e8641b !important;border-bottom-style: solid !important;}\u00a0\u00bb][vc_column_text]Pour vos besoins de location de voiture, nous sommes fiers de recommander\u00a0Adobe Rent a Car.<\/p>\n<p>Vous pouvez compter sur un service personnalis\u00e9 et comp\u00e9tent, une flotte de v\u00e9hicules vari\u00e9s et fiables pour r\u00e9pondre \u00e0 tous vos besoins et une grande assistance dans tout le pays.<\/p>\n<p>Utilisez ce widget pour choisir votre v\u00e9hicule et obtenir instantan\u00e9ment notre tarif r\u00e9duit sp\u00e9cial.[\/vc_column_text][\/vc_column][vc_column width=\u00a0\u00bb1\/3&Prime;][vc_raw_html el_class=\u00a0\u00bbtext-center\u00a0\u00bb]JTNDaWZyYW1lJTIwaWQlM0QlMjdNaW5pJTI3JTIwZnJhbWVib3JkZXIlM0QlMjdubyUyNyUyMHNjcm9sbGluZyUzRCUyN25vJTI3JTIwcnVuYXQlM0QlMjdzZXJ2ZXIlMjclMjBzdHlsZSUzRCUyN3dpZHRoJTNBJTIwMTAwJTI1JTNCaGVpZ2h0JTNBJTIwODAwcHglM0IlMjclMjBzcmMlM0QlMjdodHRwJTNBJTJGJTJGd3d3LmFkb2JlY2FyLmNyJTJGTWluaUZyYW1lLmFzcHglM0ZpZCUzREg5MDMlMjZsYW5nJTNERU5HJTI2QmFja0NvbG9yJTNEMmQ4YmExJTI3JTNFJTNDJTJGaWZyYW1lJTNF[\/vc_raw_html][\/vc_column][\/vc_row]<\/p>\n<\/div>","protected":false},"excerpt":{"rendered":"<p>[vc_row full_width=\u00a0\u00bbstretch_row\u00a0\u00bb][vc_column width=\u00a0\u00bb1\/3&Prime; offset=\u00a0\u00bbvc_col-lg-offset-2&Prime;][vc_single_image image=\u00a0\u00bb962&Prime; img_size=\u00a0\u00bbfull\u00a0\u00bb alignment=\u00a0\u00bbcenter\u00a0\u00bb css=\u00a0\u00bb.vc_custom_1686157253456{border-top-width: 2px !important;border-right-width: 2px !important;border-bottom-width: 2px !important;border-left-width: 2px !important;padding-top: 2px !important;padding-right: 2px !important;padding-bottom: 2px !important;padding-left: 2px !important;border-left-color: #e8641b !important;border-left-style: solid !important;border-right-color: #e8641b !important;border-right-style: solid !important;border-top-color: #e8641b !important;border-top-style: solid !important;border-bottom-color: #e8641b !important;border-bottom-style: solid !important;}\u00a0\u00bb][vc_column_text]Pour vos besoins de location de voiture, nous sommes fiers de recommander\u00a0Adobe Rent a Car. Vous &hellip; <a href=\"https:\/\/villadelsueno.com\/fr\/location-de-voitures\/\" class=\"more-link\">Continue reading<span class=\"screen-reader-text\"> \u00ab\u00a0Location de Voitures\u00a0\u00bb<\/span><\/a><\/p>\n","protected":false},"author":2,"featured_media":0,"parent":0,"menu_order":0,"comment_status":"closed","ping_status":"closed","template":"","meta":{"_acf_changed":false,"_monsterinsights_skip_tracking":false,"_monsterinsights_sitenote_active":false,"_monsterinsights_sitenote_note":"","_monsterinsights_sitenote_category":0,"footnotes":""},"acf":[],"yoast_head":"<!-- This site is optimized with the Yoast SEO plugin v22.3 - https:\/\/yoast.com\/wordpress\/plugins\/seo\/ -->\n<title>Location de Voitures - Villa del Sueno - Fr<\/title>\n<meta name=\"robots\" content=\"index, follow, max-snippet:-1, max-image-preview:large, max-video-preview:-1\" \/>\n<link rel=\"canonical\" href=\"https:\/\/villadelsueno.com\/fr\/location-de-voitures\/\" \/>\n<meta property=\"og:locale\" content=\"fr_FR\" \/>\n<meta property=\"og:type\" content=\"article\" \/>\n<meta property=\"og:title\" content=\"Location de Voitures - Villa del Sueno - Fr\" \/>\n<meta property=\"og:description\" content=\"[vc_row full_width=\u00a0\u00bbstretch_row\u00a0\u00bb][vc_column width=\u00a0\u00bb1\/3&Prime; offset=\u00a0\u00bbvc_col-lg-offset-2&Prime;][vc_single_image image=\u00a0\u00bb962&Prime; img_size=\u00a0\u00bbfull\u00a0\u00bb alignment=\u00a0\u00bbcenter\u00a0\u00bb css=\u00a0\u00bb.vc_custom_1686157253456{border-top-width: 2px !important;border-right-width: 2px !important;border-bottom-width: 2px !important;border-left-width: 2px !important;padding-top: 2px !important;padding-right: 2px !important;padding-bottom: 2px !important;padding-left: 2px !important;border-left-color: #e8641b !important;border-left-style: solid !important;border-right-color: #e8641b !important;border-right-style: solid !important;border-top-color: #e8641b !important;border-top-style: solid !important;border-bottom-color: #e8641b !important;border-bottom-style: solid !important;}\u00a0\u00bb][vc_column_text]Pour vos besoins de location de voiture, nous sommes fiers de recommander\u00a0Adobe Rent a Car. Vous &hellip; Continue reading &quot;Location de Voitures&quot;\" \/>\n<meta property=\"og:url\" content=\"https:\/\/villadelsueno.com\/fr\/location-de-voitures\/\" \/>\n<meta property=\"og:site_name\" content=\"Villa del Sueno - Fr\" \/>\n<meta property=\"article:modified_time\" content=\"2026-01-06T21:50:46+00:00\" \/>\n<meta name=\"twitter:card\" content=\"summary_large_image\" \/>\n<meta name=\"twitter:label1\" content=\"Dur\u00e9e de lecture estim\u00e9e\" \/>\n\t<meta name=\"twitter:data1\" content=\"1 minute\" \/>\n<script type=\"application\/ld+json\" class=\"yoast-schema-graph\">{\"@context\":\"https:\/\/schema.org\",\"@graph\":[{\"@type\":\"WebPage\",\"@id\":\"https:\/\/villadelsueno.com\/fr\/location-de-voitures\/\",\"url\":\"https:\/\/villadelsueno.com\/fr\/location-de-voitures\/\",\"name\":\"Location de Voitures - Villa del Sueno - Fr\",\"isPartOf\":{\"@id\":\"https:\/\/villadelsueno.com\/fr\/#website\"},\"datePublished\":\"2023-06-07T17:03:35+00:00\",\"dateModified\":\"2026-01-06T21:50:46+00:00\",\"breadcrumb\":{\"@id\":\"https:\/\/villadelsueno.com\/fr\/location-de-voitures\/#breadcrumb\"},\"inLanguage\":\"fr-FR\",\"potentialAction\":[{\"@type\":\"ReadAction\",\"target\":[\"https:\/\/villadelsueno.com\/fr\/location-de-voitures\/\"]}]},{\"@type\":\"BreadcrumbList\",\"@id\":\"https:\/\/villadelsueno.com\/fr\/location-de-voitures\/#breadcrumb\",\"itemListElement\":[{\"@type\":\"ListItem\",\"position\":1,\"name\":\"Home\",\"item\":\"https:\/\/villadelsueno.com\/fr\/\"},{\"@type\":\"ListItem\",\"position\":2,\"name\":\"Location de Voitures\"}]},{\"@type\":\"WebSite\",\"@id\":\"https:\/\/villadelsueno.com\/fr\/#website\",\"url\":\"https:\/\/villadelsueno.com\/fr\/\",\"name\":\"Villa del Sueno - Fr\",\"description\":\"\",\"potentialAction\":[{\"@type\":\"SearchAction\",\"target\":{\"@type\":\"EntryPoint\",\"urlTemplate\":\"https:\/\/villadelsueno.com\/fr\/?s={search_term_string}\"},\"query-input\":\"required name=search_term_string\"}],\"inLanguage\":\"fr-FR\"}]}<\/script>\n<!-- \/ Yoast SEO plugin. -->","yoast_head_json":{"title":"Location de Voitures - Villa del Sueno - Fr","robots":{"index":"index","follow":"follow","max-snippet":"max-snippet:-1","max-image-preview":"max-image-preview:large","max-video-preview":"max-video-preview:-1"},"canonical":"https:\/\/villadelsueno.com\/fr\/location-de-voitures\/","og_locale":"fr_FR","og_type":"article","og_title":"Location de Voitures - Villa del Sueno - Fr","og_description":"[vc_row full_width=\u00a0\u00bbstretch_row\u00a0\u00bb][vc_column width=\u00a0\u00bb1\/3&Prime; offset=\u00a0\u00bbvc_col-lg-offset-2&Prime;][vc_single_image image=\u00a0\u00bb962&Prime; img_size=\u00a0\u00bbfull\u00a0\u00bb alignment=\u00a0\u00bbcenter\u00a0\u00bb css=\u00a0\u00bb.vc_custom_1686157253456{border-top-width: 2px !important;border-right-width: 2px !important;border-bottom-width: 2px !important;border-left-width: 2px !important;padding-top: 2px !important;padding-right: 2px !important;padding-bottom: 2px !important;padding-left: 2px !important;border-left-color: #e8641b !important;border-left-style: solid !important;border-right-color: #e8641b !important;border-right-style: solid !important;border-top-color: #e8641b !important;border-top-style: solid !important;border-bottom-color: #e8641b !important;border-bottom-style: solid !important;}\u00a0\u00bb][vc_column_text]Pour vos besoins de location de voiture, nous sommes fiers de recommander\u00a0Adobe Rent a Car. Vous &hellip; Continue reading \"Location de Voitures\"","og_url":"https:\/\/villadelsueno.com\/fr\/location-de-voitures\/","og_site_name":"Villa del Sueno - Fr","article_modified_time":"2026-01-06T21:50:46+00:00","twitter_card":"summary_large_image","twitter_misc":{"Dur\u00e9e de lecture estim\u00e9e":"1 minute"},"schema":{"@context":"https:\/\/schema.org","@graph":[{"@type":"WebPage","@id":"https:\/\/villadelsueno.com\/fr\/location-de-voitures\/","url":"https:\/\/villadelsueno.com\/fr\/location-de-voitures\/","name":"Location de Voitures - Villa del Sueno - Fr","isPartOf":{"@id":"https:\/\/villadelsueno.com\/fr\/#website"},"datePublished":"2023-06-07T17:03:35+00:00","dateModified":"2026-01-06T21:50:46+00:00","breadcrumb":{"@id":"https:\/\/villadelsueno.com\/fr\/location-de-voitures\/#breadcrumb"},"inLanguage":"fr-FR","potentialAction":[{"@type":"ReadAction","target":["https:\/\/villadelsueno.com\/fr\/location-de-voitures\/"]}]},{"@type":"BreadcrumbList","@id":"https:\/\/villadelsueno.com\/fr\/location-de-voitures\/#breadcrumb","itemListElement":[{"@type":"ListItem","position":1,"name":"Home","item":"https:\/\/villadelsueno.com\/fr\/"},{"@type":"ListItem","position":2,"name":"Location de Voitures"}]},{"@type":"WebSite","@id":"https:\/\/villadelsueno.com\/fr\/#website","url":"https:\/\/villadelsueno.com\/fr\/","name":"Villa del Sueno - Fr","description":"","potentialAction":[{"@type":"SearchAction","target":{"@type":"EntryPoint","urlTemplate":"https:\/\/villadelsueno.com\/fr\/?s={search_term_string}"},"query-input":"required name=search_term_string"}],"inLanguage":"fr-FR"}]}},"_links":{"self":[{"href":"https:\/\/villadelsueno.com\/fr\/wp-json\/wp\/v2\/pages\/961"}],"collection":[{"href":"https:\/\/villadelsueno.com\/fr\/wp-json\/wp\/v2\/pages"}],"about":[{"href":"https:\/\/villadelsueno.com\/fr\/wp-json\/wp\/v2\/types\/page"}],"author":[{"embeddable":true,"href":"https:\/\/villadelsueno.com\/fr\/wp-json\/wp\/v2\/users\/2"}],"replies":[{"embeddable":true,"href":"https:\/\/villadelsueno.com\/fr\/wp-json\/wp\/v2\/comments?post=961"}],"version-history":[{"count":2,"href":"https:\/\/villadelsueno.com\/fr\/wp-json\/wp\/v2\/pages\/961\/revisions"}],"predecessor-version":[{"id":1283,"href":"https:\/\/villadelsueno.com\/fr\/wp-json\/wp\/v2\/pages\/961\/revisions\/1283"}],"wp:attachment":[{"href":"https:\/\/villadelsueno.com\/fr\/wp-json\/wp\/v2\/media?parent=961"}],"curies":[{"name":"wp","href":"https:\/\/api.w.org\/{rel}","templated":true}]}}