{"id":857,"date":"2021-01-25T22:03:46","date_gmt":"2021-01-25T22:03:46","guid":{"rendered":"https:\/\/villadelsueno.com\/fr\/?page_id=857"},"modified":"2023-11-01T17:20:17","modified_gmt":"2023-11-01T17:20:17","slug":"notre-chef-executif","status":"publish","type":"page","link":"https:\/\/villadelsueno.com\/fr\/dining\/notre-chef-executif\/","title":{"rendered":"NOTRE CHEF EX\u00c9CUTIF"},"content":{"rendered":"<div class=\"wpb-content-wrapper\"><p>[vc_row][vc_column][vc_custom_heading text=\u00a0\u00bbChef ex\u00e9cutif Silvia Laferri\u00e8re.\u00a0\u00bb font_container=\u00a0\u00bbtag:h1|text_align:center\u00a0\u00bb][\/vc_column][vc_column width=\u00a0\u00bb1\/2&Prime;][vc_single_image image=\u00a0\u00bb859&Prime; img_size=\u00a0\u00bbfull\u00a0\u00bb][\/vc_column][vc_column width=\u00a0\u00bb1\/2&Prime;][vc_column_text]<\/p>\n<p style=\"text-align: center; font-size: 18px;\"><strong>Un peu d&rsquo;histoire sur la chef ex\u00e9cutive Silvia Laferri\u00e8re.<\/strong><\/p>\n<p>Silvia est copropri\u00e9taire et chef du restaurant Villa del Sue\u00f1o, sa carri\u00e8re a commenc\u00e9 il y a 25 ans ici \u00e0 Playa Hermosa au Costa Rica.<\/p>\n<p>Chef autodidacte, la passion de Silvia pour la cuisine a inspir\u00e9 le besoin de g\u00e9rer son propre restaurant. \u00c0 un jeune \u00e2ge, elle a appris de sa grand-m\u00e8re italienne, de sa m\u00e8re et de son p\u00e8re, l&rsquo;importance de cuisiner \u00e0 partir de z\u00e9ro des ingr\u00e9dients frais et le savoir-faire pour combiner saveurs et textures.Avec le temps, elle s&rsquo;est sp\u00e9cialis\u00e9e et affin\u00e9e son propre style en prenant la cuisine italienne faite maison. sur un menu m\u00e9diterran\u00e9en Feelgood.<\/p>\n<p>Elle a \u00e9galement appris le savoir-faire tr\u00e8s important de choisir les bonnes personnes pour accomplir tous les d\u00e9tails n\u00e9cessaires au fonctionnement d&rsquo;une cuisine gastronomique et s\u00e9curiser les contacts n\u00e9cessaires pour fournir \u00e0 son \u00e9quipe les bons ingr\u00e9dients pour maintenir un haut niveau de qualit\u00e9 depuis son d\u00e9but.[\/vc_column_text][\/vc_column][\/vc_row][vc_row][vc_column width=\u00a0\u00bb1\/2&Prime;][vc_column_text]La plupart du menu est compos\u00e9 de plats signature et ne peut \u00eatre trouv\u00e9 nulle part ailleurs.C&rsquo;est la raison principale pour laquelle elle re\u00e7oit tant de bonnes critiques de la part des clients et les \u00e9loges du c\u00e9l\u00e8bre <a href=\"https:\/\/www.facebook.com\/chefrafaelcr\/\" target=\"_blank\" rel=\"noopener noreferrer\">chef costaricain Rafael<\/a> sur son \u00e9mission t\u00e9l\u00e9vis\u00e9e, un Fuego Lento. En 2020, la chef Silvia et son \u00e9quipe f\u00eateront le 25e anniversaire du restaurant Villa del Sue\u00f1o, si vous venez \u00e0 Playa Hermosa en vacances, faites-vous plaisir et venez d\u00e9couvrir nos plats signature. (Filet mignon sauce aux trois poivres, Mahi Mahi \u00e0 la sauce aux crevettes, Pasta Roberto, crevettes m\u00e9diterran\u00e9ennes.) Et faites-vous plaisir avec les Profiteroles, la Tarte Tatin, la Mousse de Fruit de la Passion Glac\u00e9e ou la Cr\u00e8me Brul\u00e9e aux Biscotti maison pour terminer votre d\u00eener.[\/vc_column_text][\/vc_column][vc_column width=\u00a0\u00bb1\/2&Prime;][vc_video link=\u00a0\u00bbhttps:\/\/www.youtube.com\/watch?v=0MiJm9YbALA\u00a0\u00bb][\/vc_column][\/vc_row]<\/p>\n<\/div>","protected":false},"excerpt":{"rendered":"<p>[vc_row][vc_column][vc_custom_heading text=\u00a0\u00bbChef ex\u00e9cutif Silvia Laferri\u00e8re.\u00a0\u00bb font_container=\u00a0\u00bbtag:h1|text_align:center\u00a0\u00bb][\/vc_column][vc_column width=\u00a0\u00bb1\/2&Prime;][vc_single_image image=\u00a0\u00bb859&Prime; img_size=\u00a0\u00bbfull\u00a0\u00bb][\/vc_column][vc_column width=\u00a0\u00bb1\/2&Prime;][vc_column_text] Un peu d&rsquo;histoire sur la chef ex\u00e9cutive Silvia Laferri\u00e8re. Silvia est copropri\u00e9taire et chef du restaurant Villa del Sue\u00f1o, sa carri\u00e8re a commenc\u00e9 il y a 25 ans ici \u00e0 Playa Hermosa au Costa Rica. Chef autodidacte, la passion de Silvia pour la cuisine a &hellip; <a href=\"https:\/\/villadelsueno.com\/fr\/dining\/notre-chef-executif\/\" class=\"more-link\">Continue reading<span class=\"screen-reader-text\"> \u00ab\u00a0NOTRE CHEF EX\u00c9CUTIF\u00a0\u00bb<\/span><\/a><\/p>\n","protected":false},"author":2,"featured_media":1046,"parent":57,"menu_order":0,"comment_status":"closed","ping_status":"closed","template":"","meta":{"_acf_changed":false,"_monsterinsights_skip_tracking":false,"_monsterinsights_sitenote_active":false,"_monsterinsights_sitenote_note":"","_monsterinsights_sitenote_category":0,"footnotes":""},"acf":[],"yoast_head":"<!-- This site is optimized with the Yoast SEO plugin v22.3 - https:\/\/yoast.com\/wordpress\/plugins\/seo\/ -->\n<title>NOTRE CHEF EX\u00c9CUTIF - Villa del Sueno - Fr<\/title>\n<meta name=\"robots\" content=\"index, follow, max-snippet:-1, max-image-preview:large, max-video-preview:-1\" \/>\n<link rel=\"canonical\" href=\"https:\/\/villadelsueno.com\/fr\/dining\/notre-chef-executif\/\" \/>\n<meta property=\"og:locale\" content=\"fr_FR\" \/>\n<meta property=\"og:type\" content=\"article\" \/>\n<meta property=\"og:title\" content=\"NOTRE CHEF EX\u00c9CUTIF - Villa del Sueno - Fr\" \/>\n<meta property=\"og:description\" content=\"[vc_row][vc_column][vc_custom_heading text=\u00a0\u00bbChef ex\u00e9cutif Silvia Laferri\u00e8re.\u00a0\u00bb font_container=\u00a0\u00bbtag:h1|text_align:center\u00a0\u00bb][\/vc_column][vc_column width=\u00a0\u00bb1\/2&Prime;][vc_single_image image=\u00a0\u00bb859&Prime; img_size=\u00a0\u00bbfull\u00a0\u00bb][\/vc_column][vc_column width=\u00a0\u00bb1\/2&Prime;][vc_column_text] Un peu d&rsquo;histoire sur la chef ex\u00e9cutive Silvia Laferri\u00e8re. Silvia est copropri\u00e9taire et chef du restaurant Villa del Sue\u00f1o, sa carri\u00e8re a commenc\u00e9 il y a 25 ans ici \u00e0 Playa Hermosa au Costa Rica. Chef autodidacte, la passion de Silvia pour la cuisine a &hellip; Continue reading &quot;NOTRE CHEF EX\u00c9CUTIF&quot;\" \/>\n<meta property=\"og:url\" content=\"https:\/\/villadelsueno.com\/fr\/dining\/notre-chef-executif\/\" \/>\n<meta property=\"og:site_name\" content=\"Villa del Sueno - Fr\" \/>\n<meta property=\"article:modified_time\" content=\"2023-11-01T17:20:17+00:00\" \/>\n<meta property=\"og:image\" content=\"https:\/\/villadelsueno.com\/fr\/wp-content\/uploads\/sites\/3\/2023\/11\/executive-chef-header.jpg\" \/>\n\t<meta property=\"og:image:width\" content=\"1800\" \/>\n\t<meta property=\"og:image:height\" content=\"425\" \/>\n\t<meta property=\"og:image:type\" content=\"image\/jpeg\" \/>\n<meta name=\"twitter:card\" content=\"summary_large_image\" \/>\n<meta name=\"twitter:label1\" content=\"Dur\u00e9e de lecture estim\u00e9e\" \/>\n\t<meta name=\"twitter:data1\" content=\"2 minutes\" \/>\n<script type=\"application\/ld+json\" class=\"yoast-schema-graph\">{\"@context\":\"https:\/\/schema.org\",\"@graph\":[{\"@type\":\"WebPage\",\"@id\":\"https:\/\/villadelsueno.com\/fr\/dining\/notre-chef-executif\/\",\"url\":\"https:\/\/villadelsueno.com\/fr\/dining\/notre-chef-executif\/\",\"name\":\"NOTRE CHEF EX\u00c9CUTIF - Villa del Sueno - Fr\",\"isPartOf\":{\"@id\":\"https:\/\/villadelsueno.com\/fr\/#website\"},\"primaryImageOfPage\":{\"@id\":\"https:\/\/villadelsueno.com\/fr\/dining\/notre-chef-executif\/#primaryimage\"},\"image\":{\"@id\":\"https:\/\/villadelsueno.com\/fr\/dining\/notre-chef-executif\/#primaryimage\"},\"thumbnailUrl\":\"https:\/\/villadelsueno.com\/fr\/wp-content\/uploads\/sites\/3\/2023\/11\/executive-chef-header.jpg\",\"datePublished\":\"2021-01-25T22:03:46+00:00\",\"dateModified\":\"2023-11-01T17:20:17+00:00\",\"breadcrumb\":{\"@id\":\"https:\/\/villadelsueno.com\/fr\/dining\/notre-chef-executif\/#breadcrumb\"},\"inLanguage\":\"fr-FR\",\"potentialAction\":[{\"@type\":\"ReadAction\",\"target\":[\"https:\/\/villadelsueno.com\/fr\/dining\/notre-chef-executif\/\"]}]},{\"@type\":\"ImageObject\",\"inLanguage\":\"fr-FR\",\"@id\":\"https:\/\/villadelsueno.com\/fr\/dining\/notre-chef-executif\/#primaryimage\",\"url\":\"https:\/\/villadelsueno.com\/fr\/wp-content\/uploads\/sites\/3\/2023\/11\/executive-chef-header.jpg\",\"contentUrl\":\"https:\/\/villadelsueno.com\/fr\/wp-content\/uploads\/sites\/3\/2023\/11\/executive-chef-header.jpg\",\"width\":1800,\"height\":425},{\"@type\":\"BreadcrumbList\",\"@id\":\"https:\/\/villadelsueno.com\/fr\/dining\/notre-chef-executif\/#breadcrumb\",\"itemListElement\":[{\"@type\":\"ListItem\",\"position\":1,\"name\":\"Home\",\"item\":\"https:\/\/villadelsueno.com\/fr\/\"},{\"@type\":\"ListItem\",\"position\":2,\"name\":\"Resto\",\"item\":\"https:\/\/villadelsueno.com\/fr\/dining\/\"},{\"@type\":\"ListItem\",\"position\":3,\"name\":\"NOTRE CHEF EX\u00c9CUTIF\"}]},{\"@type\":\"WebSite\",\"@id\":\"https:\/\/villadelsueno.com\/fr\/#website\",\"url\":\"https:\/\/villadelsueno.com\/fr\/\",\"name\":\"Villa del Sueno - Fr\",\"description\":\"\",\"potentialAction\":[{\"@type\":\"SearchAction\",\"target\":{\"@type\":\"EntryPoint\",\"urlTemplate\":\"https:\/\/villadelsueno.com\/fr\/?s={search_term_string}\"},\"query-input\":\"required name=search_term_string\"}],\"inLanguage\":\"fr-FR\"}]}<\/script>\n<!-- \/ Yoast SEO plugin. -->","yoast_head_json":{"title":"NOTRE CHEF EX\u00c9CUTIF - Villa del Sueno - Fr","robots":{"index":"index","follow":"follow","max-snippet":"max-snippet:-1","max-image-preview":"max-image-preview:large","max-video-preview":"max-video-preview:-1"},"canonical":"https:\/\/villadelsueno.com\/fr\/dining\/notre-chef-executif\/","og_locale":"fr_FR","og_type":"article","og_title":"NOTRE CHEF EX\u00c9CUTIF - Villa del Sueno - Fr","og_description":"[vc_row][vc_column][vc_custom_heading text=\u00a0\u00bbChef ex\u00e9cutif Silvia Laferri\u00e8re.\u00a0\u00bb font_container=\u00a0\u00bbtag:h1|text_align:center\u00a0\u00bb][\/vc_column][vc_column width=\u00a0\u00bb1\/2&Prime;][vc_single_image image=\u00a0\u00bb859&Prime; img_size=\u00a0\u00bbfull\u00a0\u00bb][\/vc_column][vc_column width=\u00a0\u00bb1\/2&Prime;][vc_column_text] Un peu d&rsquo;histoire sur la chef ex\u00e9cutive Silvia Laferri\u00e8re. Silvia est copropri\u00e9taire et chef du restaurant Villa del Sue\u00f1o, sa carri\u00e8re a commenc\u00e9 il y a 25 ans ici \u00e0 Playa Hermosa au Costa Rica. Chef autodidacte, la passion de Silvia pour la cuisine a &hellip; Continue reading \"NOTRE CHEF EX\u00c9CUTIF\"","og_url":"https:\/\/villadelsueno.com\/fr\/dining\/notre-chef-executif\/","og_site_name":"Villa del Sueno - Fr","article_modified_time":"2023-11-01T17:20:17+00:00","og_image":[{"width":1800,"height":425,"url":"https:\/\/villadelsueno.com\/fr\/wp-content\/uploads\/sites\/3\/2023\/11\/executive-chef-header.jpg","type":"image\/jpeg"}],"twitter_card":"summary_large_image","twitter_misc":{"Dur\u00e9e de lecture estim\u00e9e":"2 minutes"},"schema":{"@context":"https:\/\/schema.org","@graph":[{"@type":"WebPage","@id":"https:\/\/villadelsueno.com\/fr\/dining\/notre-chef-executif\/","url":"https:\/\/villadelsueno.com\/fr\/dining\/notre-chef-executif\/","name":"NOTRE CHEF EX\u00c9CUTIF - Villa del Sueno - Fr","isPartOf":{"@id":"https:\/\/villadelsueno.com\/fr\/#website"},"primaryImageOfPage":{"@id":"https:\/\/villadelsueno.com\/fr\/dining\/notre-chef-executif\/#primaryimage"},"image":{"@id":"https:\/\/villadelsueno.com\/fr\/dining\/notre-chef-executif\/#primaryimage"},"thumbnailUrl":"https:\/\/villadelsueno.com\/fr\/wp-content\/uploads\/sites\/3\/2023\/11\/executive-chef-header.jpg","datePublished":"2021-01-25T22:03:46+00:00","dateModified":"2023-11-01T17:20:17+00:00","breadcrumb":{"@id":"https:\/\/villadelsueno.com\/fr\/dining\/notre-chef-executif\/#breadcrumb"},"inLanguage":"fr-FR","potentialAction":[{"@type":"ReadAction","target":["https:\/\/villadelsueno.com\/fr\/dining\/notre-chef-executif\/"]}]},{"@type":"ImageObject","inLanguage":"fr-FR","@id":"https:\/\/villadelsueno.com\/fr\/dining\/notre-chef-executif\/#primaryimage","url":"https:\/\/villadelsueno.com\/fr\/wp-content\/uploads\/sites\/3\/2023\/11\/executive-chef-header.jpg","contentUrl":"https:\/\/villadelsueno.com\/fr\/wp-content\/uploads\/sites\/3\/2023\/11\/executive-chef-header.jpg","width":1800,"height":425},{"@type":"BreadcrumbList","@id":"https:\/\/villadelsueno.com\/fr\/dining\/notre-chef-executif\/#breadcrumb","itemListElement":[{"@type":"ListItem","position":1,"name":"Home","item":"https:\/\/villadelsueno.com\/fr\/"},{"@type":"ListItem","position":2,"name":"Resto","item":"https:\/\/villadelsueno.com\/fr\/dining\/"},{"@type":"ListItem","position":3,"name":"NOTRE CHEF EX\u00c9CUTIF"}]},{"@type":"WebSite","@id":"https:\/\/villadelsueno.com\/fr\/#website","url":"https:\/\/villadelsueno.com\/fr\/","name":"Villa del Sueno - Fr","description":"","potentialAction":[{"@type":"SearchAction","target":{"@type":"EntryPoint","urlTemplate":"https:\/\/villadelsueno.com\/fr\/?s={search_term_string}"},"query-input":"required name=search_term_string"}],"inLanguage":"fr-FR"}]}},"_links":{"self":[{"href":"https:\/\/villadelsueno.com\/fr\/wp-json\/wp\/v2\/pages\/857"}],"collection":[{"href":"https:\/\/villadelsueno.com\/fr\/wp-json\/wp\/v2\/pages"}],"about":[{"href":"https:\/\/villadelsueno.com\/fr\/wp-json\/wp\/v2\/types\/page"}],"author":[{"embeddable":true,"href":"https:\/\/villadelsueno.com\/fr\/wp-json\/wp\/v2\/users\/2"}],"replies":[{"embeddable":true,"href":"https:\/\/villadelsueno.com\/fr\/wp-json\/wp\/v2\/comments?post=857"}],"version-history":[{"count":4,"href":"https:\/\/villadelsueno.com\/fr\/wp-json\/wp\/v2\/pages\/857\/revisions"}],"predecessor-version":[{"id":875,"href":"https:\/\/villadelsueno.com\/fr\/wp-json\/wp\/v2\/pages\/857\/revisions\/875"}],"up":[{"embeddable":true,"href":"https:\/\/villadelsueno.com\/fr\/wp-json\/wp\/v2\/pages\/57"}],"wp:featuredmedia":[{"embeddable":true,"href":"https:\/\/villadelsueno.com\/fr\/wp-json\/wp\/v2\/media\/1046"}],"wp:attachment":[{"href":"https:\/\/villadelsueno.com\/fr\/wp-json\/wp\/v2\/media?parent=857"}],"curies":[{"name":"wp","href":"https:\/\/api.w.org\/{rel}","templated":true}]}}