{"id":57,"date":"2017-10-23T16:01:52","date_gmt":"2017-10-23T16:01:52","guid":{"rendered":"https:\/\/villadelsueno.com\/villadelsueno-2\/?page_id=57"},"modified":"2025-12-15T20:41:38","modified_gmt":"2025-12-15T20:41:38","slug":"dining","status":"publish","type":"page","link":"https:\/\/villadelsueno.com\/fr\/dining\/","title":{"rendered":"Resto"},"content":{"rendered":"<div class=\"wpb-content-wrapper\"><p>[vc_row full_width=\u00a0\u00bbstretch_row\u00a0\u00bb][vc_column][vc_column_text]<\/p>\n<p style=\"text-align: center;\"><strong>\u00a0Ouvert tous les jours pour le petit-d\u00e9jeuner, le d\u00e9jeuner et le d\u00eener<\/strong><\/p>\n<p>[\/vc_column_text][vc_custom_heading text=\u00a0\u00bbRestaurant Villa del Sue\u00f1o\u00a0\u00bb font_container=\u00a0\u00bbtag:h1|text_align:center|color:%232d8ba1&Prime; use_theme_fonts=\u00a0\u00bbyes\u00a0\u00bb][vc_column_text]<\/p>\n<p style=\"text-align: center;\"><span style=\"font-family: 'times new roman', times, serif; font-size: 24px;\"><em>\u00ab\u00a0Des plats pr\u00e9par\u00e9s avec passion et soin\u00a0\u00bb<\/em><\/span><\/p>\n<p>[\/vc_column_text][vc_row_inner disable_element=\u00a0\u00bbyes\u00a0\u00bb][vc_column_inner width=\u00a0\u00bb1\/3&Prime;][vc_column_text]<span style=\"font-size: 20px;\">Starting with our house baked sourdough bread and ending with our dessert menu, experience only the best natural ingredients in every bite. Expect a Mediterranean whisper on our\u00a0signature dishes and a kiss of tropical throughout your dining experience.<\/span><\/p>\n<p><span style=\"font-size: 20px;\">Serving the bounties of Costa Rica\u00b4s fresh produce on every plate.<\/span>[\/vc_column_text][vc_custom_heading text=\u00a0\u00bbA night under the stars\u00a0\u00bb font_container=\u00a0\u00bbtag:h2|text_align:center\u00a0\u00bb use_theme_fonts=\u00a0\u00bbyes\u00a0\u00bb][vc_column_text]<span style=\"font-size: 20px;\">Celebrating our 25th anniversary next year, Restaurant Villa del Sue\u00f1o is again more than ready to show its clientele why they are considered one of the best restaurants ,not only in Playa Hermosa but in their surrounding area.<\/span>[\/vc_column_text][\/vc_column_inner][vc_column_inner width=\u00a0\u00bb1\/3&Prime;][vc_gallery interval=\u00a0\u00bb3&Prime; images=\u00a0\u00bb1055&Prime; img_size=\u00a0\u00bbfull\u00a0\u00bb][\/vc_column_inner][vc_column_inner width=\u00a0\u00bb1\/3&Prime;][vc_column_text]<span style=\"font-size: 20px;\">A serene garden setting awaits you. Moonlight, candles, top rate service, and when all the stars are aligned\u2026.. Dance to the sounds of live music!<\/span><\/p>\n<p><span style=\"font-size: 20px;\">Simply the best LIVE ENTERTAINMENT from Dec 26 to Easter. No cover charge. Reservations are highly recommended on music nights.<\/span>[\/vc_column_text][vc_images_carousel images=\u00a0\u00bb1175,1176,1177&Prime; img_size=\u00a0\u00bbfull\u00a0\u00bb onclick=\u00a0\u00bblink_no\u00a0\u00bb autoplay=\u00a0\u00bbyes\u00a0\u00bb hide_prev_next_buttons=\u00a0\u00bbyes\u00a0\u00bb][\/vc_column_inner][\/vc_row_inner][vc_row_inner][vc_column_inner width=\u00a0\u00bb1\/2&Prime; offset=\u00a0\u00bbvc_hidden-xs\u00a0\u00bb][vc_column_text]<span style=\"font-size: 20px;\">De notre pain au levain maison \u00e0 nos desserts, savourez des ingr\u00e9dients naturels d&rsquo;exception \u00e0 chaque bouch\u00e9e. Laissez-vous transporter par une touche m\u00e9diterran\u00e9enne dans nos plats signature et une note tropicale tout au long de votre exp\u00e9rience culinaire.<\/span><\/p>\n<p><span style=\"font-size: 20px;\">Offrir les richesses des produits frais du Costa Rica dans chaque assiette.<\/span>[\/vc_column_text][vc_gallery interval=\u00a0\u00bb3&Prime; images=\u00a0\u00bb1271&Prime; img_size=\u00a0\u00bbfull\u00a0\u00bb][\/vc_column_inner][vc_column_inner width=\u00a0\u00bb1\/2&Prime; offset=\u00a0\u00bbvc_hidden-xs\u00a0\u00bb][vc_custom_heading text=\u00a0\u00bbUne nuit sous les \u00e9toiles\u00a0\u00bb font_container=\u00a0\u00bbtag:h2|text_align:center\u00a0\u00bb use_theme_fonts=\u00a0\u00bbyes\u00a0\u00bb][vc_column_text]<span style=\"font-size: 20px;\">Pour c\u00e9l\u00e9brer notre 25e anniversaire l&rsquo;ann\u00e9e prochaine, le Restaurant Villa del Sue\u00f1o est plus que pr\u00eat \u00e0 d\u00e9montrer \u00e0 sa client\u00e8le pourquoi il est consid\u00e9r\u00e9 comme l&rsquo;un des meilleurs restaurants, non seulement \u00e0 Playa Hermosa, mais aussi dans ses environs.<\/span>[\/vc_column_text][vc_column_text]<span style=\"font-size: 20px;\">Un jardin paisible vous attend. Clair de lune, bougies, service impeccable, et quand tous les astres sont align\u00e9s\u2026 dansez au son de la musique en direct !<\/span><\/p>\n<p><span style=\"font-size: 20px;\">Le meilleur du divertissement en direct du 26 d\u00e9cembre \u00e0 P\u00e2ques. Entr\u00e9e libre. R\u00e9servation fortement conseill\u00e9e les soirs de musique.<\/span>[\/vc_column_text][vc_images_carousel images=\u00a0\u00bb1272,1273,1274&Prime; img_size=\u00a0\u00bbfull\u00a0\u00bb onclick=\u00a0\u00bblink_no\u00a0\u00bb autoplay=\u00a0\u00bbyes\u00a0\u00bb hide_prev_next_buttons=\u00a0\u00bbyes\u00a0\u00bb][\/vc_column_inner][\/vc_row_inner][vc_row_inner][vc_column_inner width=\u00a0\u00bb1\/2&Prime; offset=\u00a0\u00bbvc_hidden-lg vc_hidden-md vc_hidden-sm\u00a0\u00bb][vc_column_text]<span style=\"font-size: 20px;\">Starting with our house baked sourdough bread and ending with our dessert menu, experience only the best natural ingredients in every bite. Expect a Mediterranean whisper on our\u00a0signature dishes and a kiss of tropical throughout your dining experience.<\/span><\/p>\n<p><span style=\"font-size: 20px;\">Serving the bounties of Costa Rica\u00b4s fresh produce on every plate.<\/span>[\/vc_column_text][vc_gallery interval=\u00a0\u00bb3&Prime; images=\u00a0\u00bb1055&Prime; img_size=\u00a0\u00bbfull\u00a0\u00bb][\/vc_column_inner][vc_column_inner width=\u00a0\u00bb1\/2&Prime; offset=\u00a0\u00bbvc_hidden-lg vc_hidden-md vc_hidden-sm\u00a0\u00bb][vc_custom_heading text=\u00a0\u00bbA night under the stars\u00a0\u00bb font_container=\u00a0\u00bbtag:h2|text_align:center\u00a0\u00bb use_theme_fonts=\u00a0\u00bbyes\u00a0\u00bb][vc_column_text]<span style=\"font-size: 20px;\">Celebrating our 25th anniversary next year, Restaurant Villa del Sue\u00f1o is again more than ready to show its clientele why they are considered one of the best restaurants ,not only in Playa Hermosa but in their surrounding area.<\/span>[\/vc_column_text][vc_column_text]<span style=\"font-size: 20px;\">A serene garden setting awaits you. Moonlight, candles, top rate service, and when all the stars are aligned\u2026.. Dance to the sounds of live music!<\/span><\/p>\n<p><span style=\"font-size: 20px;\">Simply the best LIVE ENTERTAINMENT from Dec 26 to Easter. No cover charge. Reservations are highly recommended on music nights.<\/span>[\/vc_column_text][vc_images_carousel images=\u00a0\u00bb1184,2672,1182&Prime; img_size=\u00a0\u00bbfull\u00a0\u00bb onclick=\u00a0\u00bblink_no\u00a0\u00bb autoplay=\u00a0\u00bbyes\u00a0\u00bb hide_prev_next_buttons=\u00a0\u00bbyes\u00a0\u00bb][vc_empty_space height=\u00a0\u00bb20px\u00a0\u00bb][\/vc_column_inner][\/vc_row_inner][\/vc_column][\/vc_row][vc_row content_placement=\u00a0\u00bbmiddle\u00a0\u00bb][vc_column width=\u00a0\u00bb1\/4&Prime;][\/vc_column][vc_column width=\u00a0\u00bb1\/4&Prime; el_class=\u00a0\u00bbtripadvisor-block\u00a0\u00bb][vc_raw_html css=\u00a0\u00bb.vc_custom_1560870295443{margin-right: 0px !important;margin-left: 0px !important;}\u00a0\u00bb el_class=\u00a0\u00bbcenter\u00a0\u00bb]JTNDZGl2JTIwaWQlM0QlMjJUQV9yYXRlZDM5MyUyMiUyMGNsYXNzJTNEJTIyVEFfcmF0ZWQlMjIlM0UlM0N1bCUyMGlkJTNEJTIyamFuc1E2OHViT1AlMjIlMjBjbGFzcyUzRCUyMlRBX2xpbmtzJTIwOHdHOTdhZkFhJTIyJTNFJTNDbGklMjBpZCUzRCUyMnF5Wm5jTUpaV1ZlVyUyMiUyMGNsYXNzJTNEJTIyZnNMR0NzRVYlMjIlM0UlM0NhJTIwdGFyZ2V0JTNEJTIyX2JsYW5rJTIyJTIwaHJlZiUzRCUyMmh0dHBzJTNBJTJGJTJGd3d3LnRyaXBhZHZpc29yLmNvbS5teCUyRiUyMiUzRSUzQ2ltZyUyMHNyYyUzRCUyMmh0dHBzJTNBJTJGJTJGd3d3LnRyaXBhZHZpc29yLmNvbS5teCUyRmltZyUyRmNkc2klMkZpbWcyJTJGYmFkZ2VzJTJGb2xsaWUtMTE0MjQtMi5naWYlMjIlMjBhbHQlM0QlMjJUcmlwQWR2aXNvciUyMiUyRiUzRSUzQyUyRmElM0UlM0MlMkZsaSUzRSUzQyUyRnVsJTNFJTNDJTJGZGl2JTNFJTNDc2NyaXB0JTIwYXN5bmMlMjBzcmMlM0QlMjJodHRwcyUzQSUyRiUyRnd3dy5qc2NhY2hlLmNvbSUyRndlanMlM0Z3dHlwZSUzRHJhdGVkJTI2YW1wJTNCdW5pcSUzRDM5MyUyNmFtcCUzQmxvY2F0aW9uSWQlM0QxNzYwNzc3JTI2YW1wJTNCbGFuZyUzRGVzX01YJTI2YW1wJTNCZGlzcGxheV92ZXJzaW9uJTNEMiUyMiUyMGRhdGEtbG9hZHRyayUyMG9ubG9hZCUzRCUyMnRoaXMubG9hZHRyayUzRHRydWUlMjIlM0UlM0MlMkZzY3JpcHQlM0U=[\/vc_raw_html][\/vc_column][vc_column width=\u00a0\u00bb1\/4&Prime; el_class=\u00a0\u00bbtripadvisor-block\u00a0\u00bb][vc_raw_html]JTNDZGl2JTIwaWQlM0QlMjJUQV9yZXN0YXVyYW50V2lkZ2V0R3JlZW42MzclMjIlMjBjbGFzcyUzRCUyMlRBX3Jlc3RhdXJhbnRXaWRnZXRHcmVlbiUyMiUzRSUzQ3VsJTIwaWQlM0QlMjJyNWFRVEx5T0IxR2glMjIlMjBjbGFzcyUzRCUyMlRBX2xpbmtzJTIwcGdadnQ1czVWbFAlMjIlM0UlM0NsaSUyMGlkJTNEJTIySHY4dnBsQndmJTIyJTIwY2xhc3MlM0QlMjI3UWNLVXFSaXQlMjIlM0UlM0NhJTIwdGFyZ2V0JTNEJTIyX2JsYW5rJTIyJTIwaHJlZiUzRCUyMmh0dHBzJTNBJTJGJTJGd3d3LnRyaXBhZHZpc29yLmNvbS5teCUyRiUyMiUzRSUzQ2ltZyUyMHNyYyUzRCUyMmh0dHBzJTNBJTJGJTJGd3d3LnRyaXBhZHZpc29yLmNvbS5teCUyRmltZyUyRmNkc2klMkZwYXJ0bmVyJTJGdHJpcGFkdmlzb3JfbG9nb18xMTd4MTgtMjQxNzctMi5wbmclMjIlMjBhbHQlM0QlMjJUcmlwQWR2aXNvciUyMiUyRiUzRSUzQyUyRmElM0UlM0MlMkZsaSUzRSUzQyUyRnVsJTNFJTNDJTJGZGl2JTNFJTNDc2NyaXB0JTIwYXN5bmMlMjBzcmMlM0QlMjJodHRwcyUzQSUyRiUyRnd3dy5qc2NhY2hlLmNvbSUyRndlanMlM0Z3dHlwZSUzRHJlc3RhdXJhbnRXaWRnZXRHcmVlbiUyNmFtcCUzQnVuaXElM0Q2MzclMjZhbXAlM0Jsb2NhdGlvbklkJTNEMTc2MDc3NyUyNmFtcCUzQmljb24lM0RrbmlmZUFuZEZvcmslMjZhbXAlM0JsYW5nJTNEZXNfTVglMjZhbXAlM0JkaXNwbGF5X3ZlcnNpb24lM0QyJTIyJTIwZGF0YS1sb2FkdHJrJTIwb25sb2FkJTNEJTIydGhpcy5sb2FkdHJrJTNEdHJ1ZSUyMiUzRSUzQyUyRnNjcmlwdCUzRQ==[\/vc_raw_html][\/vc_column][vc_column width=\u00a0\u00bb1\/4&Prime;][\/vc_column][\/vc_row][vc_row full_width=\u00a0\u00bbstretch_row_content_no_spaces\u00a0\u00bb][vc_column][vc_row_inner css=\u00a0\u00bb.vc_custom_1555444963921{background-color: #ff7f21eb !important;}\u00a0\u00bb][vc_column_inner][vc_btn title=\u00a0\u00bbD\u00e9couvrez notre chef ex\u00e9cutif\u00a0\u00bb shape=\u00a0\u00bbsquare\u00a0\u00bb color=\u00a0\u00bbdefault\u00a0\u00bb align=\u00a0\u00bbcenter\u00a0\u00bb link=\u00a0\u00bburl:https%3A%2F%2Fvilladelsueno.com%2Ffr%2Fdining%2Fnotre-chef-executif%2F\u00a0\u00bb css=\u00a0\u00bb.vc_custom_1765831025650{margin-top: 30px !important;margin-bottom: 60px !important;}\u00a0\u00bb el_class=\u00a0\u00bbbtn-custom\u00a0\u00bb][\/vc_column_inner][\/vc_row_inner][vc_empty_space height=\u00a0\u00bb30px\u00a0\u00bb][\/vc_column][\/vc_row][vc_row disable_element=\u00a0\u00bbyes\u00a0\u00bb][vc_column][vc_row_inner][vc_column_inner][vc_custom_heading text=\u00a0\u00bbMenu\u00a0\u00bb font_container=\u00a0\u00bbtag:h1|text_align:center|color:%232d8ba1&Prime; use_theme_fonts=\u00a0\u00bbyes\u00a0\u00bb][\/vc_column_inner][\/vc_row_inner][vc_row_inner][vc_column_inner width=\u00a0\u00bb1\/3&Prime;]<div class=\"vc-color-box\" style=\"background:;\"><div class=\"color-box-container clear\" ><div class=\"color-box-content left\"><h3>Breakfast<\/h3><p>Breakfast is the first meal of a day. Why it should not be perfect?<\/p> <a href=\"https:\/\/villadelsueno.com\/dinning\/breakfast\/\" class=\"transparent-btn\">Read More<\/a><\/div><\/div><\/div>[\/vc_column_inner][vc_column_inner width=\u00a0\u00bb1\/3&Prime;]<div class=\"vc-color-box\" style=\"background:;\"><div class=\"color-box-container clear\" ><img decoding=\"async\" class=\"right\" alt=\"Lunch\" src=\"https:\/\/villadelsueno.com\/fr\/wp-content\/uploads\/sites\/3\/2023\/11\/IMG_7697.jpg\"><div class=\"color-box-content left\"><h3>Lunch<\/h3><p>Incredible view, incredible place, incredible lunch<\/p> <a href=\"https:\/\/villadelsueno.com\/dinning\/lunch\/\" class=\"transparent-btn\">Read More<\/a><\/div><\/div><\/div>[\/vc_column_inner][vc_column_inner width=\u00a0\u00bb1\/3&Prime;]<div class=\"vc-color-box\" style=\"background:;\"><div class=\"color-box-container clear\" ><img decoding=\"async\" class=\"right\" alt=\"Dinner\" src=\"https:\/\/villadelsueno.com\/fr\/wp-content\/uploads\/sites\/3\/2023\/11\/IMG_7705.jpg\"><div class=\"color-box-content left\"><h3>Dinner<\/h3><p>How to end a perfect night? with friends, drink and delicious food.<\/p> <a href=\"https:\/\/villadelsueno.com\/dinning\/dinner\/\" class=\"transparent-btn\">Read More<\/a><\/div><\/div><\/div>[\/vc_column_inner][\/vc_row_inner][\/vc_column][\/vc_row][vc_row][vc_column][vc_empty_space height=\u00a0\u00bb30px\u00a0\u00bb][vc_custom_heading text=\u00a0\u00bbMenu\u00a0\u00bb font_container=\u00a0\u00bbtag:h1|text_align:center|color:%232d8ba1&Prime; use_theme_fonts=\u00a0\u00bbyes\u00a0\u00bb][vc_row_inner gap=\u00a0\u00bb35&Prime;][vc_column_inner width=\u00a0\u00bb1\/3&Prime;][vc_single_image image=\u00a0\u00bb1278&Prime; img_size=\u00a0\u00bbfull\u00a0\u00bb][vc_custom_heading text=\u00a0\u00bbPetit-d\u00e9jeuner\u00a0\u00bb font_container=\u00a0\u00bbtag:h3|font_size:24px|text_align:left|color:%232d8ba1&Prime; google_fonts=\u00a0\u00bbfont_family:Roboto%20Condensed%3A300%2C300italic%2Cregular%2Citalic%2C700%2C700italic|font_style:700%20bold%20regular%3A700%3Anormal\u00a0\u00bb][vc_column_text css=\u00a0\u00bb.vc_custom_1765831053020{padding-right: 15px !important;}\u00a0\u00bb]Le petit-d\u00e9jeuner est le premier repas de la journ\u00e9e. Pourquoi ne devrait-il pas \u00eatre parfait ?[\/vc_column_text][vc_btn title=\u00a0\u00bbEn savoir plus\u00a0\u00bb shape=\u00a0\u00bbsquare\u00a0\u00bb color=\u00a0\u00bbdefault\u00a0\u00bb align=\u00a0\u00bbleft\u00a0\u00bb link=\u00a0\u00bburl:https%3A%2F%2Fvilladelsueno.com%2Ffr%2Fdining%2Fmenu-du-petit-dejeuner%2F\u00a0\u00bb css=\u00a0\u00bb.vc_custom_1765831074165{margin-top: 30px !important;margin-bottom: 60px !important;}\u00a0\u00bb el_class=\u00a0\u00bbbtn-custom\u00a0\u00bb][\/vc_column_inner][vc_column_inner width=\u00a0\u00bb1\/3&Prime;][vc_single_image image=\u00a0\u00bb1279&Prime; img_size=\u00a0\u00bbfull\u00a0\u00bb][vc_custom_heading text=\u00a0\u00bbD\u00e9jeuner\u00a0\u00bb font_container=\u00a0\u00bbtag:h3|font_size:24px|text_align:left|color:%232d8ba1&Prime; google_fonts=\u00a0\u00bbfont_family:Roboto%20Condensed%3A300%2C300italic%2Cregular%2Citalic%2C700%2C700italic|font_style:700%20bold%20regular%3A700%3Anormal\u00a0\u00bb][vc_column_text css=\u00a0\u00bb.vc_custom_1765831100129{padding-right: 15px !important;}\u00a0\u00bb]Vue incroyable, endroit incroyable, d\u00e9jeuner incroyable[\/vc_column_text][vc_btn title=\u00a0\u00bbEn savoir plus\u00a0\u00bb shape=\u00a0\u00bbsquare\u00a0\u00bb color=\u00a0\u00bbdefault\u00a0\u00bb align=\u00a0\u00bbleft\u00a0\u00bb link=\u00a0\u00bburl:https%3A%2F%2Fvilladelsueno.com%2Ffr%2Fdining%2Fmenu-du-dejeuner%2F\u00a0\u00bb css=\u00a0\u00bb.vc_custom_1765831121525{margin-top: 30px !important;margin-bottom: 60px !important;}\u00a0\u00bb el_class=\u00a0\u00bbbtn-custom\u00a0\u00bb][\/vc_column_inner][vc_column_inner width=\u00a0\u00bb1\/3&Prime;][vc_single_image image=\u00a0\u00bb1280&Prime; img_size=\u00a0\u00bbfull\u00a0\u00bb][vc_custom_heading text=\u00a0\u00bbD\u00eener\u00a0\u00bb font_container=\u00a0\u00bbtag:h3|font_size:24px|text_align:left|color:%232d8ba1&Prime; google_fonts=\u00a0\u00bbfont_family:Roboto%20Condensed%3A300%2C300italic%2Cregular%2Citalic%2C700%2C700italic|font_style:700%20bold%20regular%3A700%3Anormal\u00a0\u00bb][vc_column_text css=\u00a0\u00bb.vc_custom_1765831146646{padding-right: 15px !important;}\u00a0\u00bb]Comment terminer une soir\u00e9e parfaite ? Avec des amis, un verre et un bon repas.[\/vc_column_text][vc_btn title=\u00a0\u00bbEn savoir plus\u00a0\u00bb shape=\u00a0\u00bbsquare\u00a0\u00bb color=\u00a0\u00bbdefault\u00a0\u00bb align=\u00a0\u00bbleft\u00a0\u00bb link=\u00a0\u00bburl:https%3A%2F%2Fvilladelsueno.com%2Ffr%2Fdining%2Fmenu-du-diner%2F\u00a0\u00bb css=\u00a0\u00bb.vc_custom_1765831173496{margin-top: 30px !important;margin-bottom: 60px !important;}\u00a0\u00bb el_class=\u00a0\u00bbbtn-custom\u00a0\u00bb][\/vc_column_inner][\/vc_row_inner][\/vc_column][\/vc_row]<\/p>\n<\/div>","protected":false},"excerpt":{"rendered":"<p>[vc_row full_width=\u00a0\u00bbstretch_row\u00a0\u00bb][vc_column][vc_column_text] \u00a0Ouvert tous les jours pour le petit-d\u00e9jeuner, le d\u00e9jeuner et le d\u00eener [\/vc_column_text][vc_custom_heading text=\u00a0\u00bbRestaurant Villa del Sue\u00f1o\u00a0\u00bb font_container=\u00a0\u00bbtag:h1|text_align:center|color:%232d8ba1&Prime; use_theme_fonts=\u00a0\u00bbyes\u00a0\u00bb][vc_column_text] \u00ab\u00a0Des plats pr\u00e9par\u00e9s avec passion et soin\u00a0\u00bb [\/vc_column_text][vc_row_inner disable_element=\u00a0\u00bbyes\u00a0\u00bb][vc_column_inner width=\u00a0\u00bb1\/3&Prime;][vc_column_text]Starting with our house baked sourdough bread and ending with our dessert menu, experience only the best natural ingredients in every bite. Expect a Mediterranean &hellip; <a href=\"https:\/\/villadelsueno.com\/fr\/dining\/\" class=\"more-link\">Continue reading<span class=\"screen-reader-text\"> \u00ab\u00a0Resto\u00a0\u00bb<\/span><\/a><\/p>\n","protected":false},"author":2,"featured_media":0,"parent":0,"menu_order":0,"comment_status":"closed","ping_status":"closed","template":"","meta":{"_acf_changed":false,"_monsterinsights_skip_tracking":false,"_monsterinsights_sitenote_active":false,"_monsterinsights_sitenote_note":"","_monsterinsights_sitenote_category":0,"footnotes":""},"acf":[],"yoast_head":"<!-- This site is optimized with the Yoast SEO plugin v22.3 - https:\/\/yoast.com\/wordpress\/plugins\/seo\/ -->\n<title>Resto - Villa del Sueno - Fr<\/title>\n<meta name=\"robots\" content=\"index, follow, max-snippet:-1, max-image-preview:large, max-video-preview:-1\" \/>\n<link rel=\"canonical\" href=\"https:\/\/villadelsueno.com\/fr\/dining\/\" \/>\n<meta property=\"og:locale\" content=\"fr_FR\" \/>\n<meta property=\"og:type\" content=\"article\" \/>\n<meta property=\"og:title\" content=\"Resto - Villa del Sueno - Fr\" \/>\n<meta property=\"og:description\" content=\"[vc_row full_width=\u00a0\u00bbstretch_row\u00a0\u00bb][vc_column][vc_column_text] \u00a0Ouvert tous les jours pour le petit-d\u00e9jeuner, le d\u00e9jeuner et le d\u00eener [\/vc_column_text][vc_custom_heading text=\u00a0\u00bbRestaurant Villa del Sue\u00f1o\u00a0\u00bb font_container=\u00a0\u00bbtag:h1|text_align:center|color:%232d8ba1&Prime; use_theme_fonts=\u00a0\u00bbyes\u00a0\u00bb][vc_column_text] \u00ab\u00a0Des plats pr\u00e9par\u00e9s avec passion et soin\u00a0\u00bb [\/vc_column_text][vc_row_inner disable_element=\u00a0\u00bbyes\u00a0\u00bb][vc_column_inner width=\u00a0\u00bb1\/3&Prime;][vc_column_text]Starting with our house baked sourdough bread and ending with our dessert menu, experience only the best natural ingredients in every bite. Expect a Mediterranean &hellip; Continue reading &quot;Resto&quot;\" \/>\n<meta property=\"og:url\" content=\"https:\/\/villadelsueno.com\/fr\/dining\/\" \/>\n<meta property=\"og:site_name\" content=\"Villa del Sueno - Fr\" \/>\n<meta property=\"article:modified_time\" content=\"2025-12-15T20:41:38+00:00\" \/>\n<meta name=\"twitter:card\" content=\"summary_large_image\" \/>\n<meta name=\"twitter:label1\" content=\"Dur\u00e9e de lecture estim\u00e9e\" \/>\n\t<meta name=\"twitter:data1\" content=\"7 minutes\" \/>\n<script type=\"application\/ld+json\" class=\"yoast-schema-graph\">{\"@context\":\"https:\/\/schema.org\",\"@graph\":[{\"@type\":\"WebPage\",\"@id\":\"https:\/\/villadelsueno.com\/fr\/dining\/\",\"url\":\"https:\/\/villadelsueno.com\/fr\/dining\/\",\"name\":\"Resto - Villa del Sueno - Fr\",\"isPartOf\":{\"@id\":\"https:\/\/villadelsueno.com\/fr\/#website\"},\"datePublished\":\"2017-10-23T16:01:52+00:00\",\"dateModified\":\"2025-12-15T20:41:38+00:00\",\"breadcrumb\":{\"@id\":\"https:\/\/villadelsueno.com\/fr\/dining\/#breadcrumb\"},\"inLanguage\":\"fr-FR\",\"potentialAction\":[{\"@type\":\"ReadAction\",\"target\":[\"https:\/\/villadelsueno.com\/fr\/dining\/\"]}]},{\"@type\":\"BreadcrumbList\",\"@id\":\"https:\/\/villadelsueno.com\/fr\/dining\/#breadcrumb\",\"itemListElement\":[{\"@type\":\"ListItem\",\"position\":1,\"name\":\"Home\",\"item\":\"https:\/\/villadelsueno.com\/fr\/\"},{\"@type\":\"ListItem\",\"position\":2,\"name\":\"Resto\"}]},{\"@type\":\"WebSite\",\"@id\":\"https:\/\/villadelsueno.com\/fr\/#website\",\"url\":\"https:\/\/villadelsueno.com\/fr\/\",\"name\":\"Villa del Sueno - Fr\",\"description\":\"\",\"potentialAction\":[{\"@type\":\"SearchAction\",\"target\":{\"@type\":\"EntryPoint\",\"urlTemplate\":\"https:\/\/villadelsueno.com\/fr\/?s={search_term_string}\"},\"query-input\":\"required name=search_term_string\"}],\"inLanguage\":\"fr-FR\"}]}<\/script>\n<!-- \/ Yoast SEO plugin. -->","yoast_head_json":{"title":"Resto - Villa del Sueno - Fr","robots":{"index":"index","follow":"follow","max-snippet":"max-snippet:-1","max-image-preview":"max-image-preview:large","max-video-preview":"max-video-preview:-1"},"canonical":"https:\/\/villadelsueno.com\/fr\/dining\/","og_locale":"fr_FR","og_type":"article","og_title":"Resto - Villa del Sueno - Fr","og_description":"[vc_row full_width=\u00a0\u00bbstretch_row\u00a0\u00bb][vc_column][vc_column_text] \u00a0Ouvert tous les jours pour le petit-d\u00e9jeuner, le d\u00e9jeuner et le d\u00eener [\/vc_column_text][vc_custom_heading text=\u00a0\u00bbRestaurant Villa del Sue\u00f1o\u00a0\u00bb font_container=\u00a0\u00bbtag:h1|text_align:center|color:%232d8ba1&Prime; use_theme_fonts=\u00a0\u00bbyes\u00a0\u00bb][vc_column_text] \u00ab\u00a0Des plats pr\u00e9par\u00e9s avec passion et soin\u00a0\u00bb [\/vc_column_text][vc_row_inner disable_element=\u00a0\u00bbyes\u00a0\u00bb][vc_column_inner width=\u00a0\u00bb1\/3&Prime;][vc_column_text]Starting with our house baked sourdough bread and ending with our dessert menu, experience only the best natural ingredients in every bite. Expect a Mediterranean &hellip; Continue reading \"Resto\"","og_url":"https:\/\/villadelsueno.com\/fr\/dining\/","og_site_name":"Villa del Sueno - Fr","article_modified_time":"2025-12-15T20:41:38+00:00","twitter_card":"summary_large_image","twitter_misc":{"Dur\u00e9e de lecture estim\u00e9e":"7 minutes"},"schema":{"@context":"https:\/\/schema.org","@graph":[{"@type":"WebPage","@id":"https:\/\/villadelsueno.com\/fr\/dining\/","url":"https:\/\/villadelsueno.com\/fr\/dining\/","name":"Resto - Villa del Sueno - Fr","isPartOf":{"@id":"https:\/\/villadelsueno.com\/fr\/#website"},"datePublished":"2017-10-23T16:01:52+00:00","dateModified":"2025-12-15T20:41:38+00:00","breadcrumb":{"@id":"https:\/\/villadelsueno.com\/fr\/dining\/#breadcrumb"},"inLanguage":"fr-FR","potentialAction":[{"@type":"ReadAction","target":["https:\/\/villadelsueno.com\/fr\/dining\/"]}]},{"@type":"BreadcrumbList","@id":"https:\/\/villadelsueno.com\/fr\/dining\/#breadcrumb","itemListElement":[{"@type":"ListItem","position":1,"name":"Home","item":"https:\/\/villadelsueno.com\/fr\/"},{"@type":"ListItem","position":2,"name":"Resto"}]},{"@type":"WebSite","@id":"https:\/\/villadelsueno.com\/fr\/#website","url":"https:\/\/villadelsueno.com\/fr\/","name":"Villa del Sueno - Fr","description":"","potentialAction":[{"@type":"SearchAction","target":{"@type":"EntryPoint","urlTemplate":"https:\/\/villadelsueno.com\/fr\/?s={search_term_string}"},"query-input":"required name=search_term_string"}],"inLanguage":"fr-FR"}]}},"_links":{"self":[{"href":"https:\/\/villadelsueno.com\/fr\/wp-json\/wp\/v2\/pages\/57"}],"collection":[{"href":"https:\/\/villadelsueno.com\/fr\/wp-json\/wp\/v2\/pages"}],"about":[{"href":"https:\/\/villadelsueno.com\/fr\/wp-json\/wp\/v2\/types\/page"}],"author":[{"embeddable":true,"href":"https:\/\/villadelsueno.com\/fr\/wp-json\/wp\/v2\/users\/2"}],"replies":[{"embeddable":true,"href":"https:\/\/villadelsueno.com\/fr\/wp-json\/wp\/v2\/comments?post=57"}],"version-history":[{"count":56,"href":"https:\/\/villadelsueno.com\/fr\/wp-json\/wp\/v2\/pages\/57\/revisions"}],"predecessor-version":[{"id":1282,"href":"https:\/\/villadelsueno.com\/fr\/wp-json\/wp\/v2\/pages\/57\/revisions\/1282"}],"wp:attachment":[{"href":"https:\/\/villadelsueno.com\/fr\/wp-json\/wp\/v2\/media?parent=57"}],"curies":[{"name":"wp","href":"https:\/\/api.w.org\/{rel}","templated":true}]}}