{"id":532,"date":"2017-11-15T17:53:33","date_gmt":"2017-11-15T17:53:33","guid":{"rendered":"https:\/\/villadelsueno.com\/villadelsueno-2\/?page_id=532"},"modified":"2018-02-21T17:04:46","modified_gmt":"2018-02-21T17:04:46","slug":"about-us","status":"publish","type":"page","link":"https:\/\/villadelsueno.com\/fr\/about-us\/","title":{"rendered":"\u00c0 propos de nous"},"content":{"rendered":"<div class=\"wpb-content-wrapper\"><p>[vc_row][vc_column width=\u00a0\u00bb1\/3&Prime;][vc_column_text]<\/p>\n<h2 style=\"text-align: center;\"><span style=\"font-size: 36px;\">Qui nous sommes<\/span><\/h2>\n<p>Consid\u00e9r\u00e9 comme un \u00e9tablissement pionnier de Playa Hermosa, Villa del Sue\u00f1o est d&rsquo;abord et avant tout l&rsquo;effort conjoint d&rsquo;un groupe de Canadiens qui continuent de r\u00e9aliser leur r\u00eave, un lieu o\u00f9 tout le monde est le bienvenu, o\u00f9 se c\u00e9l\u00e8brent les relations, la musique, la nature et la nourriture.<\/p>\n<p>Plus de 20 ans plus tard, nous parvenons \u00e0 former l&rsquo;\u00e9quipe la plus engag\u00e9e et la plus comp\u00e9tente au c\u0153ur. Aucun effort n&rsquo;est \u00e9pargn\u00e9 pour rendre votre s\u00e9jour inoubliable.<br \/>\n[\/vc_column_text][\/vc_column][vc_column width=\u00a0\u00bb1\/3&Prime;][vc_column_text]<\/p>\n<h2 style=\"text-align: center;\"><span style=\"font-size: 36px;\">Notre mission<\/span><\/h2>\n<p>Villa del Sue\u00f1o propose d&rsquo;offrir une large gamme d&rsquo;options d&rsquo;h\u00e9bergement dans la qu\u00eate pour r\u00e9pondre \u00e0 tous les besoins de nos clients. Nous nous effor\u00e7ons d&rsquo;offrir le meilleur, et de travailler en \u00e9quipe pour fournir l&rsquo;excellence dans tous les aspects des services qui vous sont offerts. Nous prenons soin des d\u00e9tails qui font la diff\u00e9rence; L&rsquo;ambiance, le confort, la vie priv\u00e9e et le respect de l&rsquo;individualit\u00e9, pour cr\u00e9er un lieu unique o\u00f9 les visiteurs \u00e9trangers et nationaux se r\u00e9unissent pour se reposer, d\u00e9couvrir, partager et profiter.[\/vc_column_text][\/vc_column][vc_column width=\u00a0\u00bb1\/3&Prime;][vc_column_text]<\/p>\n<h2 style=\"text-align: center;\"><span style=\"font-size: 36px;\">Notre vision<\/span><\/h2>\n<p>Maintenir notre classement en tant que premier h\u00f4tel de charme en offrant un soutien continu et des services complets avec les plus hauts standards et valeurs \u00e0 la communaut\u00e9 de Playa Hermosa, l&rsquo;environnement, nos collaborateurs et surtout nos invit\u00e9s.<\/p>\n<p>Suivre notre devise \u00ab\u00a0L\u2019important c\u2019est les gens\u00a0\u00bb<br \/>\n[\/vc_column_text][\/vc_column][\/vc_row]<\/p>\n<\/div>","protected":false},"excerpt":{"rendered":"<p>[vc_row][vc_column width=\u00a0\u00bb1\/3&Prime;][vc_column_text] Qui nous sommes Consid\u00e9r\u00e9 comme un \u00e9tablissement pionnier de Playa Hermosa, Villa del Sue\u00f1o est d&rsquo;abord et avant tout l&rsquo;effort conjoint d&rsquo;un groupe de Canadiens qui continuent de r\u00e9aliser leur r\u00eave, un lieu o\u00f9 tout le monde est le bienvenu, o\u00f9 se c\u00e9l\u00e8brent les relations, la musique, la nature et la nourriture. Plus &hellip; <a href=\"https:\/\/villadelsueno.com\/fr\/about-us\/\" class=\"more-link\">Continue reading<span class=\"screen-reader-text\"> \u00ab\u00a0\u00c0 propos de nous\u00a0\u00bb<\/span><\/a><\/p>\n","protected":false},"author":2,"featured_media":0,"parent":0,"menu_order":0,"comment_status":"closed","ping_status":"closed","template":"","meta":{"_acf_changed":false,"_monsterinsights_skip_tracking":false,"_monsterinsights_sitenote_active":false,"_monsterinsights_sitenote_note":"","_monsterinsights_sitenote_category":0,"footnotes":""},"acf":[],"yoast_head":"<!-- This site is optimized with the Yoast SEO plugin v22.3 - https:\/\/yoast.com\/wordpress\/plugins\/seo\/ -->\n<title>\u00c0 propos de nous - Villa del Sueno - Fr<\/title>\n<meta name=\"robots\" content=\"index, follow, max-snippet:-1, max-image-preview:large, max-video-preview:-1\" \/>\n<link rel=\"canonical\" href=\"https:\/\/villadelsueno.com\/fr\/about-us\/\" \/>\n<meta property=\"og:locale\" content=\"fr_FR\" \/>\n<meta property=\"og:type\" content=\"article\" \/>\n<meta property=\"og:title\" content=\"\u00c0 propos de nous - Villa del Sueno - Fr\" \/>\n<meta property=\"og:description\" content=\"[vc_row][vc_column width=\u00a0\u00bb1\/3&Prime;][vc_column_text] Qui nous sommes Consid\u00e9r\u00e9 comme un \u00e9tablissement pionnier de Playa Hermosa, Villa del Sue\u00f1o est d&rsquo;abord et avant tout l&rsquo;effort conjoint d&rsquo;un groupe de Canadiens qui continuent de r\u00e9aliser leur r\u00eave, un lieu o\u00f9 tout le monde est le bienvenu, o\u00f9 se c\u00e9l\u00e8brent les relations, la musique, la nature et la nourriture. Plus &hellip; Continue reading &quot;\u00c0 propos de nous&quot;\" \/>\n<meta property=\"og:url\" content=\"https:\/\/villadelsueno.com\/fr\/about-us\/\" \/>\n<meta property=\"og:site_name\" content=\"Villa del Sueno - Fr\" \/>\n<meta property=\"article:modified_time\" content=\"2018-02-21T17:04:46+00:00\" \/>\n<meta name=\"twitter:card\" content=\"summary_large_image\" \/>\n<meta name=\"twitter:label1\" content=\"Dur\u00e9e de lecture estim\u00e9e\" \/>\n\t<meta name=\"twitter:data1\" content=\"1 minute\" \/>\n<script type=\"application\/ld+json\" class=\"yoast-schema-graph\">{\"@context\":\"https:\/\/schema.org\",\"@graph\":[{\"@type\":\"WebPage\",\"@id\":\"https:\/\/villadelsueno.com\/fr\/about-us\/\",\"url\":\"https:\/\/villadelsueno.com\/fr\/about-us\/\",\"name\":\"\u00c0 propos de nous - Villa del Sueno - Fr\",\"isPartOf\":{\"@id\":\"https:\/\/villadelsueno.com\/fr\/#website\"},\"datePublished\":\"2017-11-15T17:53:33+00:00\",\"dateModified\":\"2018-02-21T17:04:46+00:00\",\"breadcrumb\":{\"@id\":\"https:\/\/villadelsueno.com\/fr\/about-us\/#breadcrumb\"},\"inLanguage\":\"fr-FR\",\"potentialAction\":[{\"@type\":\"ReadAction\",\"target\":[\"https:\/\/villadelsueno.com\/fr\/about-us\/\"]}]},{\"@type\":\"BreadcrumbList\",\"@id\":\"https:\/\/villadelsueno.com\/fr\/about-us\/#breadcrumb\",\"itemListElement\":[{\"@type\":\"ListItem\",\"position\":1,\"name\":\"Home\",\"item\":\"https:\/\/villadelsueno.com\/fr\/\"},{\"@type\":\"ListItem\",\"position\":2,\"name\":\"\u00c0 propos de nous\"}]},{\"@type\":\"WebSite\",\"@id\":\"https:\/\/villadelsueno.com\/fr\/#website\",\"url\":\"https:\/\/villadelsueno.com\/fr\/\",\"name\":\"Villa del Sueno - Fr\",\"description\":\"\",\"potentialAction\":[{\"@type\":\"SearchAction\",\"target\":{\"@type\":\"EntryPoint\",\"urlTemplate\":\"https:\/\/villadelsueno.com\/fr\/?s={search_term_string}\"},\"query-input\":\"required name=search_term_string\"}],\"inLanguage\":\"fr-FR\"}]}<\/script>\n<!-- \/ Yoast SEO plugin. -->","yoast_head_json":{"title":"\u00c0 propos de nous - Villa del Sueno - Fr","robots":{"index":"index","follow":"follow","max-snippet":"max-snippet:-1","max-image-preview":"max-image-preview:large","max-video-preview":"max-video-preview:-1"},"canonical":"https:\/\/villadelsueno.com\/fr\/about-us\/","og_locale":"fr_FR","og_type":"article","og_title":"\u00c0 propos de nous - Villa del Sueno - Fr","og_description":"[vc_row][vc_column width=\u00a0\u00bb1\/3&Prime;][vc_column_text] Qui nous sommes Consid\u00e9r\u00e9 comme un \u00e9tablissement pionnier de Playa Hermosa, Villa del Sue\u00f1o est d&rsquo;abord et avant tout l&rsquo;effort conjoint d&rsquo;un groupe de Canadiens qui continuent de r\u00e9aliser leur r\u00eave, un lieu o\u00f9 tout le monde est le bienvenu, o\u00f9 se c\u00e9l\u00e8brent les relations, la musique, la nature et la nourriture. Plus &hellip; Continue reading \"\u00c0 propos de nous\"","og_url":"https:\/\/villadelsueno.com\/fr\/about-us\/","og_site_name":"Villa del Sueno - Fr","article_modified_time":"2018-02-21T17:04:46+00:00","twitter_card":"summary_large_image","twitter_misc":{"Dur\u00e9e de lecture estim\u00e9e":"1 minute"},"schema":{"@context":"https:\/\/schema.org","@graph":[{"@type":"WebPage","@id":"https:\/\/villadelsueno.com\/fr\/about-us\/","url":"https:\/\/villadelsueno.com\/fr\/about-us\/","name":"\u00c0 propos de nous - Villa del Sueno - Fr","isPartOf":{"@id":"https:\/\/villadelsueno.com\/fr\/#website"},"datePublished":"2017-11-15T17:53:33+00:00","dateModified":"2018-02-21T17:04:46+00:00","breadcrumb":{"@id":"https:\/\/villadelsueno.com\/fr\/about-us\/#breadcrumb"},"inLanguage":"fr-FR","potentialAction":[{"@type":"ReadAction","target":["https:\/\/villadelsueno.com\/fr\/about-us\/"]}]},{"@type":"BreadcrumbList","@id":"https:\/\/villadelsueno.com\/fr\/about-us\/#breadcrumb","itemListElement":[{"@type":"ListItem","position":1,"name":"Home","item":"https:\/\/villadelsueno.com\/fr\/"},{"@type":"ListItem","position":2,"name":"\u00c0 propos de nous"}]},{"@type":"WebSite","@id":"https:\/\/villadelsueno.com\/fr\/#website","url":"https:\/\/villadelsueno.com\/fr\/","name":"Villa del Sueno - Fr","description":"","potentialAction":[{"@type":"SearchAction","target":{"@type":"EntryPoint","urlTemplate":"https:\/\/villadelsueno.com\/fr\/?s={search_term_string}"},"query-input":"required name=search_term_string"}],"inLanguage":"fr-FR"}]}},"_links":{"self":[{"href":"https:\/\/villadelsueno.com\/fr\/wp-json\/wp\/v2\/pages\/532"}],"collection":[{"href":"https:\/\/villadelsueno.com\/fr\/wp-json\/wp\/v2\/pages"}],"about":[{"href":"https:\/\/villadelsueno.com\/fr\/wp-json\/wp\/v2\/types\/page"}],"author":[{"embeddable":true,"href":"https:\/\/villadelsueno.com\/fr\/wp-json\/wp\/v2\/users\/2"}],"replies":[{"embeddable":true,"href":"https:\/\/villadelsueno.com\/fr\/wp-json\/wp\/v2\/comments?post=532"}],"version-history":[{"count":5,"href":"https:\/\/villadelsueno.com\/fr\/wp-json\/wp\/v2\/pages\/532\/revisions"}],"predecessor-version":[{"id":631,"href":"https:\/\/villadelsueno.com\/fr\/wp-json\/wp\/v2\/pages\/532\/revisions\/631"}],"wp:attachment":[{"href":"https:\/\/villadelsueno.com\/fr\/wp-json\/wp\/v2\/media?parent=532"}],"curies":[{"name":"wp","href":"https:\/\/api.w.org\/{rel}","templated":true}]}}