{"id":913,"date":"2021-01-25T20:48:47","date_gmt":"2021-01-25T20:48:47","guid":{"rendered":"https:\/\/villadelsueno.com\/es\/?page_id=913"},"modified":"2023-11-01T16:59:01","modified_gmt":"2023-11-01T16:59:01","slug":"nuestra-chef-executiva","status":"publish","type":"page","link":"https:\/\/villadelsueno.com\/es\/dining\/nuestra-chef-executiva\/","title":{"rendered":"Nuestra Chef Executiva"},"content":{"rendered":"<div class=\"wpb-content-wrapper\"><p>[vc_row][vc_column][vc_custom_heading text=&#8221;Chef Ejecutiva Silvia Laferri\u00e8re.&#8221; font_container=&#8221;tag:h1|text_align:center&#8221;][vc_row_inner][vc_column_inner width=&#8221;1\/2&#8243;][vc_single_image image=&#8221;914&#8243; img_size=&#8221;full&#8221;][\/vc_column_inner][vc_column_inner width=&#8221;1\/2&#8243;][vc_column_text]<\/p>\n<p style=\"text-align: center;\"><strong style=\"font-size: 18px;\">Una peque\u00f1a historia sobre la chef ejecutiva Silvia Laferri\u00e8re.<\/strong><\/p>\n<p style=\"font-size: 18px,;\">Silvia es copropietaria y Chef del Restaurante Villa del Sue\u00f1o, su carrera comenz\u00f3 hace 25 a\u00f1os aqu\u00ed en Playa Hermosa Costa Rica. Una chef autodidacta, la pasi\u00f3n de Silvia por la cocina inspir\u00f3 la necesidad de tener su propio restaurante. A temprana edad aprendi\u00f3 de su abuela italiana, su madre y su padre, la importancia de cocinar desde cero ingredientes frescos y la habilidad de combinar sabores y texturas, con el tiempo se especializ\u00f3 y refin\u00f3 su propio estilo tomando la cocina casera italiana atraves\u00e1ndolo a un Feelgood Men\u00fa mediterr\u00e1neo. Tambi\u00e9n aprendi\u00f3 el conocimiento muy importante de elegir a las personas adecuadas para lograr todos los detalles que se necesitan para operar una cocina de alta cocina y asegurar los contactos necesarios para proporcionar a su equipo los ingredientes adecuados para mantener un alto est\u00e1ndar de calidad desde su debut.<\/p>\n<p>[\/vc_column_text][\/vc_column_inner][\/vc_row_inner][\/vc_column][\/vc_row][vc_row][vc_column width=&#8221;1\/2&#8243;][vc_column_text]La mayor parte del men\u00fa se compone de platos de autor y no se puede encontrar en ning\u00fan otro lugar. Esa es la raz\u00f3n principal por la que recibe tantas buenas cr\u00edticas de los clientes y elogios del aclamado chef costarricense Rafael en su programa de televisi\u00f3n Fuego Lento. En 2020 la Chef Silvia y su equipo celebrar\u00e1n el 25 aniversario de Villa del Sue\u00f1o Restaurante, si vienes a Playa Hermosa de vacaciones hazte un favor y ven a experimentar nuestros platillos de autor (Filet Mignon Salsa Tres Pimienta, Mahi Mahi en Salsa Camar\u00f3n, Pasta Roberto, Camar\u00f3n Mediterr\u00e1neo). Y por favor, date un capricho con Profiteroles, Tarte Tatin, Mousse de Maracuy\u00e1 Helado o Cr\u00e8me Brul\u00e9e con Biscotti caseros para finalizar tu cena.[\/vc_column_text][\/vc_column][vc_column width=&#8221;1\/2&#8243;][vc_video link=&#8221;https:\/\/www.youtube.com\/watch?v=0MiJm9YbALA&#8221; align=&#8221;center&#8221;][\/vc_column][\/vc_row]<\/p>\n<\/div>","protected":false},"excerpt":{"rendered":"<p>[vc_row][vc_column][vc_custom_heading text=&#8221;Chef Ejecutiva Silvia Laferri\u00e8re.&#8221; font_container=&#8221;tag:h1|text_align:center&#8221;][vc_row_inner][vc_column_inner width=&#8221;1\/2&#8243;][vc_single_image image=&#8221;914&#8243; img_size=&#8221;full&#8221;][\/vc_column_inner][vc_column_inner width=&#8221;1\/2&#8243;][vc_column_text] Una peque\u00f1a historia sobre la chef ejecutiva Silvia Laferri\u00e8re. Silvia es copropietaria y Chef del Restaurante Villa del Sue\u00f1o, su carrera comenz\u00f3 hace 25 a\u00f1os aqu\u00ed en Playa Hermosa Costa Rica. Una chef autodidacta, la pasi\u00f3n de Silvia por la cocina inspir\u00f3 la necesidad de &hellip; <a href=\"https:\/\/villadelsueno.com\/es\/dining\/nuestra-chef-executiva\/\" class=\"more-link\">Continue reading<span class=\"screen-reader-text\"> &#8220;Nuestra Chef Executiva&#8221;<\/span><\/a><\/p>\n","protected":false},"author":2,"featured_media":1172,"parent":57,"menu_order":0,"comment_status":"closed","ping_status":"closed","template":"","meta":{"_acf_changed":false,"_monsterinsights_skip_tracking":false,"_monsterinsights_sitenote_active":false,"_monsterinsights_sitenote_note":"","_monsterinsights_sitenote_category":0,"footnotes":""},"acf":[],"yoast_head":"<!-- This site is optimized with the Yoast SEO plugin v22.3 - https:\/\/yoast.com\/wordpress\/plugins\/seo\/ -->\n<title>Nuestra Chef Executiva - Villa del Sueno - Es<\/title>\n<meta name=\"robots\" content=\"index, follow, max-snippet:-1, max-image-preview:large, max-video-preview:-1\" \/>\n<link rel=\"canonical\" href=\"https:\/\/villadelsueno.com\/es\/dining\/nuestra-chef-executiva\/\" \/>\n<meta property=\"og:locale\" content=\"es_ES\" \/>\n<meta property=\"og:type\" content=\"article\" \/>\n<meta property=\"og:title\" content=\"Nuestra Chef Executiva - Villa del Sueno - Es\" \/>\n<meta property=\"og:description\" content=\"[vc_row][vc_column][vc_custom_heading text=&#8221;Chef Ejecutiva Silvia Laferri\u00e8re.&#8221; font_container=&#8221;tag:h1|text_align:center&#8221;][vc_row_inner][vc_column_inner width=&#8221;1\/2&#8243;][vc_single_image image=&#8221;914&#8243; img_size=&#8221;full&#8221;][\/vc_column_inner][vc_column_inner width=&#8221;1\/2&#8243;][vc_column_text] Una peque\u00f1a historia sobre la chef ejecutiva Silvia Laferri\u00e8re. Silvia es copropietaria y Chef del Restaurante Villa del Sue\u00f1o, su carrera comenz\u00f3 hace 25 a\u00f1os aqu\u00ed en Playa Hermosa Costa Rica. Una chef autodidacta, la pasi\u00f3n de Silvia por la cocina inspir\u00f3 la necesidad de &hellip; Continue reading &quot;Nuestra Chef Executiva&quot;\" \/>\n<meta property=\"og:url\" content=\"https:\/\/villadelsueno.com\/es\/dining\/nuestra-chef-executiva\/\" \/>\n<meta property=\"og:site_name\" content=\"Villa del Sueno - Es\" \/>\n<meta property=\"article:modified_time\" content=\"2023-11-01T16:59:01+00:00\" \/>\n<meta property=\"og:image\" content=\"https:\/\/villadelsueno.com\/es\/wp-content\/uploads\/sites\/2\/2023\/11\/executive-chef-header.jpg\" \/>\n\t<meta property=\"og:image:width\" content=\"1800\" \/>\n\t<meta property=\"og:image:height\" content=\"425\" \/>\n\t<meta property=\"og:image:type\" content=\"image\/jpeg\" \/>\n<meta name=\"twitter:card\" content=\"summary_large_image\" \/>\n<meta name=\"twitter:label1\" content=\"Est. reading time\" \/>\n\t<meta name=\"twitter:data1\" content=\"2 minutos\" \/>\n<script type=\"application\/ld+json\" class=\"yoast-schema-graph\">{\"@context\":\"https:\/\/schema.org\",\"@graph\":[{\"@type\":\"WebPage\",\"@id\":\"https:\/\/villadelsueno.com\/es\/dining\/nuestra-chef-executiva\/\",\"url\":\"https:\/\/villadelsueno.com\/es\/dining\/nuestra-chef-executiva\/\",\"name\":\"Nuestra Chef Executiva - Villa del Sueno - Es\",\"isPartOf\":{\"@id\":\"https:\/\/villadelsueno.com\/es\/#website\"},\"primaryImageOfPage\":{\"@id\":\"https:\/\/villadelsueno.com\/es\/dining\/nuestra-chef-executiva\/#primaryimage\"},\"image\":{\"@id\":\"https:\/\/villadelsueno.com\/es\/dining\/nuestra-chef-executiva\/#primaryimage\"},\"thumbnailUrl\":\"https:\/\/villadelsueno.com\/es\/wp-content\/uploads\/sites\/2\/2023\/11\/executive-chef-header.jpg\",\"datePublished\":\"2021-01-25T20:48:47+00:00\",\"dateModified\":\"2023-11-01T16:59:01+00:00\",\"breadcrumb\":{\"@id\":\"https:\/\/villadelsueno.com\/es\/dining\/nuestra-chef-executiva\/#breadcrumb\"},\"inLanguage\":\"es-CR\",\"potentialAction\":[{\"@type\":\"ReadAction\",\"target\":[\"https:\/\/villadelsueno.com\/es\/dining\/nuestra-chef-executiva\/\"]}]},{\"@type\":\"ImageObject\",\"inLanguage\":\"es-CR\",\"@id\":\"https:\/\/villadelsueno.com\/es\/dining\/nuestra-chef-executiva\/#primaryimage\",\"url\":\"https:\/\/villadelsueno.com\/es\/wp-content\/uploads\/sites\/2\/2023\/11\/executive-chef-header.jpg\",\"contentUrl\":\"https:\/\/villadelsueno.com\/es\/wp-content\/uploads\/sites\/2\/2023\/11\/executive-chef-header.jpg\",\"width\":1800,\"height\":425},{\"@type\":\"BreadcrumbList\",\"@id\":\"https:\/\/villadelsueno.com\/es\/dining\/nuestra-chef-executiva\/#breadcrumb\",\"itemListElement\":[{\"@type\":\"ListItem\",\"position\":1,\"name\":\"Home\",\"item\":\"https:\/\/villadelsueno.com\/es\/\"},{\"@type\":\"ListItem\",\"position\":2,\"name\":\"Restaurante\",\"item\":\"https:\/\/villadelsueno.com\/es\/dining\/\"},{\"@type\":\"ListItem\",\"position\":3,\"name\":\"Nuestra Chef Executiva\"}]},{\"@type\":\"WebSite\",\"@id\":\"https:\/\/villadelsueno.com\/es\/#website\",\"url\":\"https:\/\/villadelsueno.com\/es\/\",\"name\":\"Villa del Sueno - Es\",\"description\":\"\",\"potentialAction\":[{\"@type\":\"SearchAction\",\"target\":{\"@type\":\"EntryPoint\",\"urlTemplate\":\"https:\/\/villadelsueno.com\/es\/?s={search_term_string}\"},\"query-input\":\"required name=search_term_string\"}],\"inLanguage\":\"es-CR\"}]}<\/script>\n<!-- \/ Yoast SEO plugin. -->","yoast_head_json":{"title":"Nuestra Chef Executiva - Villa del Sueno - Es","robots":{"index":"index","follow":"follow","max-snippet":"max-snippet:-1","max-image-preview":"max-image-preview:large","max-video-preview":"max-video-preview:-1"},"canonical":"https:\/\/villadelsueno.com\/es\/dining\/nuestra-chef-executiva\/","og_locale":"es_ES","og_type":"article","og_title":"Nuestra Chef Executiva - Villa del Sueno - Es","og_description":"[vc_row][vc_column][vc_custom_heading text=&#8221;Chef Ejecutiva Silvia Laferri\u00e8re.&#8221; font_container=&#8221;tag:h1|text_align:center&#8221;][vc_row_inner][vc_column_inner width=&#8221;1\/2&#8243;][vc_single_image image=&#8221;914&#8243; img_size=&#8221;full&#8221;][\/vc_column_inner][vc_column_inner width=&#8221;1\/2&#8243;][vc_column_text] Una peque\u00f1a historia sobre la chef ejecutiva Silvia Laferri\u00e8re. Silvia es copropietaria y Chef del Restaurante Villa del Sue\u00f1o, su carrera comenz\u00f3 hace 25 a\u00f1os aqu\u00ed en Playa Hermosa Costa Rica. Una chef autodidacta, la pasi\u00f3n de Silvia por la cocina inspir\u00f3 la necesidad de &hellip; Continue reading \"Nuestra Chef Executiva\"","og_url":"https:\/\/villadelsueno.com\/es\/dining\/nuestra-chef-executiva\/","og_site_name":"Villa del Sueno - Es","article_modified_time":"2023-11-01T16:59:01+00:00","og_image":[{"width":1800,"height":425,"url":"https:\/\/villadelsueno.com\/es\/wp-content\/uploads\/sites\/2\/2023\/11\/executive-chef-header.jpg","type":"image\/jpeg"}],"twitter_card":"summary_large_image","twitter_misc":{"Est. reading time":"2 minutos"},"schema":{"@context":"https:\/\/schema.org","@graph":[{"@type":"WebPage","@id":"https:\/\/villadelsueno.com\/es\/dining\/nuestra-chef-executiva\/","url":"https:\/\/villadelsueno.com\/es\/dining\/nuestra-chef-executiva\/","name":"Nuestra Chef Executiva - Villa del Sueno - Es","isPartOf":{"@id":"https:\/\/villadelsueno.com\/es\/#website"},"primaryImageOfPage":{"@id":"https:\/\/villadelsueno.com\/es\/dining\/nuestra-chef-executiva\/#primaryimage"},"image":{"@id":"https:\/\/villadelsueno.com\/es\/dining\/nuestra-chef-executiva\/#primaryimage"},"thumbnailUrl":"https:\/\/villadelsueno.com\/es\/wp-content\/uploads\/sites\/2\/2023\/11\/executive-chef-header.jpg","datePublished":"2021-01-25T20:48:47+00:00","dateModified":"2023-11-01T16:59:01+00:00","breadcrumb":{"@id":"https:\/\/villadelsueno.com\/es\/dining\/nuestra-chef-executiva\/#breadcrumb"},"inLanguage":"es-CR","potentialAction":[{"@type":"ReadAction","target":["https:\/\/villadelsueno.com\/es\/dining\/nuestra-chef-executiva\/"]}]},{"@type":"ImageObject","inLanguage":"es-CR","@id":"https:\/\/villadelsueno.com\/es\/dining\/nuestra-chef-executiva\/#primaryimage","url":"https:\/\/villadelsueno.com\/es\/wp-content\/uploads\/sites\/2\/2023\/11\/executive-chef-header.jpg","contentUrl":"https:\/\/villadelsueno.com\/es\/wp-content\/uploads\/sites\/2\/2023\/11\/executive-chef-header.jpg","width":1800,"height":425},{"@type":"BreadcrumbList","@id":"https:\/\/villadelsueno.com\/es\/dining\/nuestra-chef-executiva\/#breadcrumb","itemListElement":[{"@type":"ListItem","position":1,"name":"Home","item":"https:\/\/villadelsueno.com\/es\/"},{"@type":"ListItem","position":2,"name":"Restaurante","item":"https:\/\/villadelsueno.com\/es\/dining\/"},{"@type":"ListItem","position":3,"name":"Nuestra Chef Executiva"}]},{"@type":"WebSite","@id":"https:\/\/villadelsueno.com\/es\/#website","url":"https:\/\/villadelsueno.com\/es\/","name":"Villa del Sueno - Es","description":"","potentialAction":[{"@type":"SearchAction","target":{"@type":"EntryPoint","urlTemplate":"https:\/\/villadelsueno.com\/es\/?s={search_term_string}"},"query-input":"required name=search_term_string"}],"inLanguage":"es-CR"}]}},"_links":{"self":[{"href":"https:\/\/villadelsueno.com\/es\/wp-json\/wp\/v2\/pages\/913"}],"collection":[{"href":"https:\/\/villadelsueno.com\/es\/wp-json\/wp\/v2\/pages"}],"about":[{"href":"https:\/\/villadelsueno.com\/es\/wp-json\/wp\/v2\/types\/page"}],"author":[{"embeddable":true,"href":"https:\/\/villadelsueno.com\/es\/wp-json\/wp\/v2\/users\/2"}],"replies":[{"embeddable":true,"href":"https:\/\/villadelsueno.com\/es\/wp-json\/wp\/v2\/comments?post=913"}],"version-history":[{"count":5,"href":"https:\/\/villadelsueno.com\/es\/wp-json\/wp\/v2\/pages\/913\/revisions"}],"predecessor-version":[{"id":934,"href":"https:\/\/villadelsueno.com\/es\/wp-json\/wp\/v2\/pages\/913\/revisions\/934"}],"up":[{"embeddable":true,"href":"https:\/\/villadelsueno.com\/es\/wp-json\/wp\/v2\/pages\/57"}],"wp:featuredmedia":[{"embeddable":true,"href":"https:\/\/villadelsueno.com\/es\/wp-json\/wp\/v2\/media\/1172"}],"wp:attachment":[{"href":"https:\/\/villadelsueno.com\/es\/wp-json\/wp\/v2\/media?parent=913"}],"curies":[{"name":"wp","href":"https:\/\/api.w.org\/{rel}","templated":true}]}}