{"id":57,"date":"2017-10-23T16:01:52","date_gmt":"2017-10-23T16:01:52","guid":{"rendered":"https:\/\/villadelsueno.com\/villadelsueno-2\/?page_id=57"},"modified":"2025-12-15T20:52:11","modified_gmt":"2025-12-15T20:52:11","slug":"dining","status":"publish","type":"page","link":"https:\/\/villadelsueno.com\/es\/dining\/","title":{"rendered":"Restaurante"},"content":{"rendered":"<div class=\"wpb-content-wrapper\"><p>[vc_row full_width=&#8221;stretch_row&#8221;][vc_column][vc_column_text]<\/p>\n<p style=\"text-align: center;\"><strong>\u00a0Abierto todos los d\u00edas para desayuno, almuerzo y cena.<\/strong><\/p>\n<p>[\/vc_column_text][vc_custom_heading text=&#8221;Restaurante Villa del Sue\u00f1o&#8221; font_container=&#8221;tag:h1|text_align:center|color:%232d8ba1&#8243; use_theme_fonts=&#8221;yes&#8221;][vc_column_text]<\/p>\n<p style=\"text-align: center;\"><span style=\"font-family: 'times new roman', times, serif; font-size: 24px;\"><em>&#8220;Comida preparada con pasi\u00f3n y cuidado.&#8221;<\/em><\/span><\/p>\n<p>[\/vc_column_text][vc_row_inner disable_element=&#8221;yes&#8221;][vc_column_inner width=&#8221;1\/3&#8243;][vc_column_text]<span style=\"font-size: 20px;\">Starting with our house baked sourdough bread and ending with our dessert menu, experience only the best natural ingredients in every bite. Expect a Mediterranean whisper on our\u00a0signature dishes and a kiss of tropical throughout your dining experience.<\/span><\/p>\n<p><span style=\"font-size: 20px;\">Serving the bounties of Costa Rica\u00b4s fresh produce on every plate.<\/span>[\/vc_column_text][vc_custom_heading text=&#8221;A night under the stars&#8221; font_container=&#8221;tag:h2|text_align:center&#8221; use_theme_fonts=&#8221;yes&#8221;][vc_column_text]<span style=\"font-size: 20px;\">Celebrating our 25th anniversary next year, Restaurant Villa del Sue\u00f1o is again more than ready to show its clientele why they are considered one of the best restaurants ,not only in Playa Hermosa but in their surrounding area.<\/span>[\/vc_column_text][\/vc_column_inner][vc_column_inner width=&#8221;1\/3&#8243;][vc_gallery interval=&#8221;3&#8243; images=&#8221;1055&#8243; img_size=&#8221;full&#8221;][\/vc_column_inner][vc_column_inner width=&#8221;1\/3&#8243;][vc_column_text]<span style=\"font-size: 20px;\">A serene garden setting awaits you. Moonlight, candles, top rate service, and when all the stars are aligned\u2026.. Dance to the sounds of live music!<\/span><\/p>\n<p><span style=\"font-size: 20px;\">Simply the best LIVE ENTERTAINMENT from Dec 26 to Easter. No cover charge. Reservations are highly recommended on music nights.<\/span>[\/vc_column_text][vc_images_carousel images=&#8221;1175,1176,1177&#8243; img_size=&#8221;full&#8221; onclick=&#8221;link_no&#8221; autoplay=&#8221;yes&#8221; hide_prev_next_buttons=&#8221;yes&#8221;][\/vc_column_inner][\/vc_row_inner][vc_row_inner][vc_column_inner width=&#8221;1\/2&#8243; offset=&#8221;vc_hidden-xs&#8221;][vc_column_text]<span style=\"font-size: 20px;\">Desde nuestro pan de masa madre casero hasta nuestra carta de postres, disfrute de los mejores ingredientes naturales en cada bocado. Disfrute de un toque mediterr\u00e1neo en nuestros platos de autor y un toque tropical durante toda su experiencia gastron\u00f3mica.<\/span><\/p>\n<p><span style=\"font-size: 20px;\">Sirviendo las bondades de los productos frescos de Costa Rica en cada plato.<\/span>[\/vc_column_text][vc_gallery interval=&#8221;3&#8243; images=&#8221;1407&#8243; img_size=&#8221;full&#8221;][\/vc_column_inner][vc_column_inner width=&#8221;1\/2&#8243; offset=&#8221;vc_hidden-xs&#8221;][vc_custom_heading text=&#8221;Una noche bajo las estrellas&#8221; font_container=&#8221;tag:h2|text_align:center&#8221; use_theme_fonts=&#8221;yes&#8221;][vc_column_text]<span style=\"font-size: 20px;\">Celebrando nuestro 25 aniversario el pr\u00f3ximo a\u00f1o, Restaurante Villa del Sue\u00f1o est\u00e1 nuevamente m\u00e1s que listo para mostrar a su clientela por qu\u00e9 son considerados uno de los mejores restaurantes, no solo en Playa Hermosa sino en sus alrededores.<\/span>[\/vc_column_text][vc_column_text]<span style=\"font-size: 20px;\">Te espera un tranquilo jard\u00edn. Luz de luna, velas, un servicio excepcional y, cuando todo est\u00e9 en orden\u2026 \u00a1Baila al ritmo de la m\u00fasica en vivo!<\/span><\/p>\n<p><span style=\"font-size: 20px;\">Simplemente el mejor ENTRETENIMIENTO EN VIVO desde el 26 de diciembre hasta Pascua. Entrada gratuita. Se recomienda reservar para las noches de m\u00fasica.<\/span>[\/vc_column_text][vc_images_carousel images=&#8221;1408,1409,1410&#8243; img_size=&#8221;full&#8221; onclick=&#8221;link_no&#8221; autoplay=&#8221;yes&#8221; hide_prev_next_buttons=&#8221;yes&#8221;][\/vc_column_inner][\/vc_row_inner][vc_row_inner][vc_column_inner width=&#8221;1\/2&#8243; offset=&#8221;vc_hidden-lg vc_hidden-md vc_hidden-sm&#8221;][vc_column_text]<span style=\"font-size: 20px;\">Starting with our house baked sourdough bread and ending with our dessert menu, experience only the best natural ingredients in every bite. Expect a Mediterranean whisper on our\u00a0signature dishes and a kiss of tropical throughout your dining experience.<\/span><\/p>\n<p><span style=\"font-size: 20px;\">Serving the bounties of Costa Rica\u00b4s fresh produce on every plate.<\/span>[\/vc_column_text][vc_gallery interval=&#8221;3&#8243; images=&#8221;1055&#8243; img_size=&#8221;full&#8221;][\/vc_column_inner][vc_column_inner width=&#8221;1\/2&#8243; offset=&#8221;vc_hidden-lg vc_hidden-md vc_hidden-sm&#8221;][vc_custom_heading text=&#8221;A night under the stars&#8221; font_container=&#8221;tag:h2|text_align:center&#8221; use_theme_fonts=&#8221;yes&#8221;][vc_column_text]<span style=\"font-size: 20px;\">Celebrating our 25th anniversary next year, Restaurant Villa del Sue\u00f1o is again more than ready to show its clientele why they are considered one of the best restaurants ,not only in Playa Hermosa but in their surrounding area.<\/span>[\/vc_column_text][vc_column_text]<span style=\"font-size: 20px;\">A serene garden setting awaits you. Moonlight, candles, top rate service, and when all the stars are aligned\u2026.. Dance to the sounds of live music!<\/span><\/p>\n<p><span style=\"font-size: 20px;\">Simply the best LIVE ENTERTAINMENT from Dec 26 to Easter. No cover charge. Reservations are highly recommended on music nights.<\/span>[\/vc_column_text][vc_images_carousel images=&#8221;1184,2672,1182&#8243; img_size=&#8221;full&#8221; onclick=&#8221;link_no&#8221; autoplay=&#8221;yes&#8221; hide_prev_next_buttons=&#8221;yes&#8221;][vc_empty_space height=&#8221;20px&#8221;][\/vc_column_inner][\/vc_row_inner][\/vc_column][\/vc_row][vc_row content_placement=&#8221;middle&#8221;][vc_column width=&#8221;1\/4&#8243;][\/vc_column][vc_column width=&#8221;1\/4&#8243; el_class=&#8221;tripadvisor-block&#8221;][vc_raw_html css=&#8221;.vc_custom_1560870295443{margin-right: 0px !important;margin-left: 0px !important;}&#8221; el_class=&#8221;center&#8221;]JTNDZGl2JTIwaWQlM0QlMjJUQV9yYXRlZDM5MyUyMiUyMGNsYXNzJTNEJTIyVEFfcmF0ZWQlMjIlM0UlM0N1bCUyMGlkJTNEJTIyamFuc1E2OHViT1AlMjIlMjBjbGFzcyUzRCUyMlRBX2xpbmtzJTIwOHdHOTdhZkFhJTIyJTNFJTNDbGklMjBpZCUzRCUyMnF5Wm5jTUpaV1ZlVyUyMiUyMGNsYXNzJTNEJTIyZnNMR0NzRVYlMjIlM0UlM0NhJTIwdGFyZ2V0JTNEJTIyX2JsYW5rJTIyJTIwaHJlZiUzRCUyMmh0dHBzJTNBJTJGJTJGd3d3LnRyaXBhZHZpc29yLmNvbS5teCUyRiUyMiUzRSUzQ2ltZyUyMHNyYyUzRCUyMmh0dHBzJTNBJTJGJTJGd3d3LnRyaXBhZHZpc29yLmNvbS5teCUyRmltZyUyRmNkc2klMkZpbWcyJTJGYmFkZ2VzJTJGb2xsaWUtMTE0MjQtMi5naWYlMjIlMjBhbHQlM0QlMjJUcmlwQWR2aXNvciUyMiUyRiUzRSUzQyUyRmElM0UlM0MlMkZsaSUzRSUzQyUyRnVsJTNFJTNDJTJGZGl2JTNFJTNDc2NyaXB0JTIwYXN5bmMlMjBzcmMlM0QlMjJodHRwcyUzQSUyRiUyRnd3dy5qc2NhY2hlLmNvbSUyRndlanMlM0Z3dHlwZSUzRHJhdGVkJTI2YW1wJTNCdW5pcSUzRDM5MyUyNmFtcCUzQmxvY2F0aW9uSWQlM0QxNzYwNzc3JTI2YW1wJTNCbGFuZyUzRGVzX01YJTI2YW1wJTNCZGlzcGxheV92ZXJzaW9uJTNEMiUyMiUyMGRhdGEtbG9hZHRyayUyMG9ubG9hZCUzRCUyMnRoaXMubG9hZHRyayUzRHRydWUlMjIlM0UlM0MlMkZzY3JpcHQlM0U=[\/vc_raw_html][\/vc_column][vc_column width=&#8221;1\/4&#8243; el_class=&#8221;tripadvisor-block&#8221;][vc_raw_html]JTNDZGl2JTIwaWQlM0QlMjJUQV9yZXN0YXVyYW50V2lkZ2V0R3JlZW42MzclMjIlMjBjbGFzcyUzRCUyMlRBX3Jlc3RhdXJhbnRXaWRnZXRHcmVlbiUyMiUzRSUzQ3VsJTIwaWQlM0QlMjJyNWFRVEx5T0IxR2glMjIlMjBjbGFzcyUzRCUyMlRBX2xpbmtzJTIwcGdadnQ1czVWbFAlMjIlM0UlM0NsaSUyMGlkJTNEJTIySHY4dnBsQndmJTIyJTIwY2xhc3MlM0QlMjI3UWNLVXFSaXQlMjIlM0UlM0NhJTIwdGFyZ2V0JTNEJTIyX2JsYW5rJTIyJTIwaHJlZiUzRCUyMmh0dHBzJTNBJTJGJTJGd3d3LnRyaXBhZHZpc29yLmNvbS5teCUyRiUyMiUzRSUzQ2ltZyUyMHNyYyUzRCUyMmh0dHBzJTNBJTJGJTJGd3d3LnRyaXBhZHZpc29yLmNvbS5teCUyRmltZyUyRmNkc2klMkZwYXJ0bmVyJTJGdHJpcGFkdmlzb3JfbG9nb18xMTd4MTgtMjQxNzctMi5wbmclMjIlMjBhbHQlM0QlMjJUcmlwQWR2aXNvciUyMiUyRiUzRSUzQyUyRmElM0UlM0MlMkZsaSUzRSUzQyUyRnVsJTNFJTNDJTJGZGl2JTNFJTNDc2NyaXB0JTIwYXN5bmMlMjBzcmMlM0QlMjJodHRwcyUzQSUyRiUyRnd3dy5qc2NhY2hlLmNvbSUyRndlanMlM0Z3dHlwZSUzRHJlc3RhdXJhbnRXaWRnZXRHcmVlbiUyNmFtcCUzQnVuaXElM0Q2MzclMjZhbXAlM0Jsb2NhdGlvbklkJTNEMTc2MDc3NyUyNmFtcCUzQmljb24lM0RrbmlmZUFuZEZvcmslMjZhbXAlM0JsYW5nJTNEZXNfTVglMjZhbXAlM0JkaXNwbGF5X3ZlcnNpb24lM0QyJTIyJTIwZGF0YS1sb2FkdHJrJTIwb25sb2FkJTNEJTIydGhpcy5sb2FkdHJrJTNEdHJ1ZSUyMiUzRSUzQyUyRnNjcmlwdCUzRQ==[\/vc_raw_html][\/vc_column][vc_column width=&#8221;1\/4&#8243;][\/vc_column][\/vc_row][vc_row full_width=&#8221;stretch_row_content_no_spaces&#8221;][vc_column][vc_row_inner css=&#8221;.vc_custom_1555444963921{background-color: #ff7f21eb !important;}&#8221;][vc_column_inner][vc_btn title=&#8221;Conoce a nuestra chef ejecutiva&#8221; shape=&#8221;square&#8221; color=&#8221;default&#8221; align=&#8221;center&#8221; link=&#8221;url:https%3A%2F%2Fvilladelsueno.com%2Fes%2Fdining%2Fnuestra-chef-executiva%2F&#8221; css=&#8221;.vc_custom_1765831672986{margin-top: 30px !important;margin-bottom: 60px !important;}&#8221; el_class=&#8221;btn-custom&#8221;][\/vc_column_inner][\/vc_row_inner][vc_empty_space height=&#8221;30px&#8221;][\/vc_column][\/vc_row][vc_row disable_element=&#8221;yes&#8221;][vc_column][vc_row_inner][vc_column_inner][vc_custom_heading text=&#8221;Menu&#8221; font_container=&#8221;tag:h1|text_align:center|color:%232d8ba1&#8243; use_theme_fonts=&#8221;yes&#8221;][\/vc_column_inner][\/vc_row_inner][vc_row_inner][vc_column_inner width=&#8221;1\/3&#8243;]<div class=\"vc-color-box\" style=\"background:;\"><div class=\"color-box-container clear\" ><div class=\"color-box-content left\"><h3>Breakfast<\/h3><p>Breakfast is the first meal of a day. Why it should not be perfect?<\/p> <a href=\"https:\/\/villadelsueno.com\/dinning\/breakfast\/\" class=\"transparent-btn\">Read More<\/a><\/div><\/div><\/div>[\/vc_column_inner][vc_column_inner width=&#8221;1\/3&#8243;]<div class=\"vc-color-box\" style=\"background:;\"><div class=\"color-box-container clear\" ><img decoding=\"async\" class=\"right\" alt=\"Lunch\" src=\"https:\/\/villadelsueno.com\/es\/wp-content\/uploads\/sites\/2\/2017\/11\/boat-6-4.jpg\"><div class=\"color-box-content left\"><h3>Lunch<\/h3><p>Incredible view, incredible place, incredible lunch<\/p> <a href=\"https:\/\/villadelsueno.com\/dinning\/lunch\/\" class=\"transparent-btn\">Read More<\/a><\/div><\/div><\/div>[\/vc_column_inner][vc_column_inner width=&#8221;1\/3&#8243;]<div class=\"vc-color-box\" style=\"background:;\"><div class=\"color-box-container clear\" ><div class=\"color-box-content left\"><h3>Dinner<\/h3><p>How to end a perfect night? with friends, drink and delicious food.<\/p> <a href=\"https:\/\/villadelsueno.com\/dinning\/dinner\/\" class=\"transparent-btn\">Read More<\/a><\/div><\/div><\/div>[\/vc_column_inner][\/vc_row_inner][\/vc_column][\/vc_row][vc_row][vc_column][vc_empty_space height=&#8221;30px&#8221;][vc_custom_heading text=&#8221;Menu&#8221; font_container=&#8221;tag:h1|text_align:center|color:%232d8ba1&#8243; use_theme_fonts=&#8221;yes&#8221;][vc_row_inner gap=&#8221;35&#8243;][vc_column_inner width=&#8221;1\/3&#8243;][vc_single_image image=&#8221;1403&#8243; img_size=&#8221;full&#8221;][vc_custom_heading text=&#8221;Desayuno&#8221; font_container=&#8221;tag:h3|font_size:24px|text_align:left|color:%232d8ba1&#8243; google_fonts=&#8221;font_family:Roboto%20Condensed%3A300%2C300italic%2Cregular%2Citalic%2C700%2C700italic|font_style:700%20bold%20regular%3A700%3Anormal&#8221;][vc_column_text css=&#8221;.vc_custom_1765831703839{padding-right: 15px !important;}&#8221;]El desayuno es la primera comida del d\u00eda. \u00bfPor qu\u00e9 no deber\u00eda ser perfecto?[\/vc_column_text][vc_btn title=&#8221;Leer m\u00e1s&#8221; shape=&#8221;square&#8221; color=&#8221;default&#8221; align=&#8221;left&#8221; link=&#8221;url:https%3A%2F%2Fvilladelsueno.com%2Fes%2Fdining%2Fmenu-desayuno%2F&#8221; css=&#8221;.vc_custom_1765831726528{margin-top: 30px !important;margin-bottom: 60px !important;}&#8221; el_class=&#8221;btn-custom&#8221;][\/vc_column_inner][vc_column_inner width=&#8221;1\/3&#8243;][vc_single_image image=&#8221;1404&#8243; img_size=&#8221;full&#8221;][vc_custom_heading text=&#8221;Almuerzo&#8221; font_container=&#8221;tag:h3|font_size:24px|text_align:left|color:%232d8ba1&#8243; google_fonts=&#8221;font_family:Roboto%20Condensed%3A300%2C300italic%2Cregular%2Citalic%2C700%2C700italic|font_style:700%20bold%20regular%3A700%3Anormal&#8221;][vc_column_text css=&#8221;.vc_custom_1765831749130{padding-right: 15px !important;}&#8221;]Vista incre\u00edble, lugar incre\u00edble, almuerzo incre\u00edble.[\/vc_column_text][vc_btn title=&#8221;Leer m\u00e1s&#8221; shape=&#8221;square&#8221; color=&#8221;default&#8221; align=&#8221;left&#8221; link=&#8221;url:https%3A%2F%2Fvilladelsueno.com%2Fes%2Fdining%2Fmenu-de-almuerzo%2F&#8221; css=&#8221;.vc_custom_1765831828422{margin-top: 30px !important;margin-bottom: 60px !important;}&#8221; el_class=&#8221;btn-custom&#8221;][\/vc_column_inner][vc_column_inner width=&#8221;1\/3&#8243;][vc_single_image image=&#8221;1405&#8243; img_size=&#8221;full&#8221;][vc_custom_heading text=&#8221;Cena&#8221; font_container=&#8221;tag:h3|font_size:24px|text_align:left|color:%232d8ba1&#8243; google_fonts=&#8221;font_family:Roboto%20Condensed%3A300%2C300italic%2Cregular%2Citalic%2C700%2C700italic|font_style:700%20bold%20regular%3A700%3Anormal&#8221;][vc_column_text css=&#8221;.vc_custom_1765831801106{padding-right: 15px !important;}&#8221;]\u00bfC\u00f3mo terminar una noche perfecta? Con amigos, bebida y comida deliciosa.[\/vc_column_text][vc_btn title=&#8221;Leer m\u00e1s&#8221; shape=&#8221;square&#8221; color=&#8221;default&#8221; align=&#8221;left&#8221; link=&#8221;url:https%3A%2F%2Fvilladelsueno.com%2Fes%2Fdining%2Fmenu-de-cena%2F&#8221; css=&#8221;.vc_custom_1765831824021{margin-top: 30px !important;margin-bottom: 60px !important;}&#8221; el_class=&#8221;btn-custom&#8221;][\/vc_column_inner][\/vc_row_inner][\/vc_column][\/vc_row]<\/p>\n<\/div>","protected":false},"excerpt":{"rendered":"<p>[vc_row full_width=&#8221;stretch_row&#8221;][vc_column][vc_column_text] \u00a0Abierto todos los d\u00edas para desayuno, almuerzo y cena. [\/vc_column_text][vc_custom_heading text=&#8221;Restaurante Villa del Sue\u00f1o&#8221; font_container=&#8221;tag:h1|text_align:center|color:%232d8ba1&#8243; use_theme_fonts=&#8221;yes&#8221;][vc_column_text] &#8220;Comida preparada con pasi\u00f3n y cuidado.&#8221; [\/vc_column_text][vc_row_inner disable_element=&#8221;yes&#8221;][vc_column_inner width=&#8221;1\/3&#8243;][vc_column_text]Starting with our house baked sourdough bread and ending with our dessert menu, experience only the best natural ingredients in every bite. Expect a Mediterranean whisper on our\u00a0signature dishes &hellip; <a href=\"https:\/\/villadelsueno.com\/es\/dining\/\" class=\"more-link\">Continue reading<span class=\"screen-reader-text\"> &#8220;Restaurante&#8221;<\/span><\/a><\/p>\n","protected":false},"author":2,"featured_media":0,"parent":0,"menu_order":0,"comment_status":"closed","ping_status":"closed","template":"","meta":{"_acf_changed":false,"_monsterinsights_skip_tracking":false,"_monsterinsights_sitenote_active":false,"_monsterinsights_sitenote_note":"","_monsterinsights_sitenote_category":0,"footnotes":""},"acf":[],"yoast_head":"<!-- This site is optimized with the Yoast SEO plugin v22.3 - https:\/\/yoast.com\/wordpress\/plugins\/seo\/ -->\n<title>Restaurante - Villa del Sueno - Es<\/title>\n<meta name=\"robots\" content=\"index, follow, max-snippet:-1, max-image-preview:large, max-video-preview:-1\" \/>\n<link rel=\"canonical\" href=\"https:\/\/villadelsueno.com\/es\/dining\/\" \/>\n<meta property=\"og:locale\" content=\"es_ES\" \/>\n<meta property=\"og:type\" content=\"article\" \/>\n<meta property=\"og:title\" content=\"Restaurante - Villa del Sueno - Es\" \/>\n<meta property=\"og:description\" content=\"[vc_row full_width=&#8221;stretch_row&#8221;][vc_column][vc_column_text] \u00a0Abierto todos los d\u00edas para desayuno, almuerzo y cena. [\/vc_column_text][vc_custom_heading text=&#8221;Restaurante Villa del Sue\u00f1o&#8221; font_container=&#8221;tag:h1|text_align:center|color:%232d8ba1&#8243; use_theme_fonts=&#8221;yes&#8221;][vc_column_text] &#8220;Comida preparada con pasi\u00f3n y cuidado.&#8221; [\/vc_column_text][vc_row_inner disable_element=&#8221;yes&#8221;][vc_column_inner width=&#8221;1\/3&#8243;][vc_column_text]Starting with our house baked sourdough bread and ending with our dessert menu, experience only the best natural ingredients in every bite. Expect a Mediterranean whisper on our\u00a0signature dishes &hellip; Continue reading &quot;Restaurante&quot;\" \/>\n<meta property=\"og:url\" content=\"https:\/\/villadelsueno.com\/es\/dining\/\" \/>\n<meta property=\"og:site_name\" content=\"Villa del Sueno - Es\" \/>\n<meta property=\"article:modified_time\" content=\"2025-12-15T20:52:11+00:00\" \/>\n<meta name=\"twitter:card\" content=\"summary_large_image\" \/>\n<meta name=\"twitter:label1\" content=\"Est. reading time\" \/>\n\t<meta name=\"twitter:data1\" content=\"5 minutos\" \/>\n<script type=\"application\/ld+json\" class=\"yoast-schema-graph\">{\"@context\":\"https:\/\/schema.org\",\"@graph\":[{\"@type\":\"WebPage\",\"@id\":\"https:\/\/villadelsueno.com\/es\/dining\/\",\"url\":\"https:\/\/villadelsueno.com\/es\/dining\/\",\"name\":\"Restaurante - Villa del Sueno - Es\",\"isPartOf\":{\"@id\":\"https:\/\/villadelsueno.com\/es\/#website\"},\"datePublished\":\"2017-10-23T16:01:52+00:00\",\"dateModified\":\"2025-12-15T20:52:11+00:00\",\"breadcrumb\":{\"@id\":\"https:\/\/villadelsueno.com\/es\/dining\/#breadcrumb\"},\"inLanguage\":\"es-CR\",\"potentialAction\":[{\"@type\":\"ReadAction\",\"target\":[\"https:\/\/villadelsueno.com\/es\/dining\/\"]}]},{\"@type\":\"BreadcrumbList\",\"@id\":\"https:\/\/villadelsueno.com\/es\/dining\/#breadcrumb\",\"itemListElement\":[{\"@type\":\"ListItem\",\"position\":1,\"name\":\"Home\",\"item\":\"https:\/\/villadelsueno.com\/es\/\"},{\"@type\":\"ListItem\",\"position\":2,\"name\":\"Restaurante\"}]},{\"@type\":\"WebSite\",\"@id\":\"https:\/\/villadelsueno.com\/es\/#website\",\"url\":\"https:\/\/villadelsueno.com\/es\/\",\"name\":\"Villa del Sueno - Es\",\"description\":\"\",\"potentialAction\":[{\"@type\":\"SearchAction\",\"target\":{\"@type\":\"EntryPoint\",\"urlTemplate\":\"https:\/\/villadelsueno.com\/es\/?s={search_term_string}\"},\"query-input\":\"required name=search_term_string\"}],\"inLanguage\":\"es-CR\"}]}<\/script>\n<!-- \/ Yoast SEO plugin. -->","yoast_head_json":{"title":"Restaurante - Villa del Sueno - Es","robots":{"index":"index","follow":"follow","max-snippet":"max-snippet:-1","max-image-preview":"max-image-preview:large","max-video-preview":"max-video-preview:-1"},"canonical":"https:\/\/villadelsueno.com\/es\/dining\/","og_locale":"es_ES","og_type":"article","og_title":"Restaurante - Villa del Sueno - Es","og_description":"[vc_row full_width=&#8221;stretch_row&#8221;][vc_column][vc_column_text] \u00a0Abierto todos los d\u00edas para desayuno, almuerzo y cena. [\/vc_column_text][vc_custom_heading text=&#8221;Restaurante Villa del Sue\u00f1o&#8221; font_container=&#8221;tag:h1|text_align:center|color:%232d8ba1&#8243; use_theme_fonts=&#8221;yes&#8221;][vc_column_text] &#8220;Comida preparada con pasi\u00f3n y cuidado.&#8221; [\/vc_column_text][vc_row_inner disable_element=&#8221;yes&#8221;][vc_column_inner width=&#8221;1\/3&#8243;][vc_column_text]Starting with our house baked sourdough bread and ending with our dessert menu, experience only the best natural ingredients in every bite. Expect a Mediterranean whisper on our\u00a0signature dishes &hellip; Continue reading \"Restaurante\"","og_url":"https:\/\/villadelsueno.com\/es\/dining\/","og_site_name":"Villa del Sueno - Es","article_modified_time":"2025-12-15T20:52:11+00:00","twitter_card":"summary_large_image","twitter_misc":{"Est. reading time":"5 minutos"},"schema":{"@context":"https:\/\/schema.org","@graph":[{"@type":"WebPage","@id":"https:\/\/villadelsueno.com\/es\/dining\/","url":"https:\/\/villadelsueno.com\/es\/dining\/","name":"Restaurante - Villa del Sueno - Es","isPartOf":{"@id":"https:\/\/villadelsueno.com\/es\/#website"},"datePublished":"2017-10-23T16:01:52+00:00","dateModified":"2025-12-15T20:52:11+00:00","breadcrumb":{"@id":"https:\/\/villadelsueno.com\/es\/dining\/#breadcrumb"},"inLanguage":"es-CR","potentialAction":[{"@type":"ReadAction","target":["https:\/\/villadelsueno.com\/es\/dining\/"]}]},{"@type":"BreadcrumbList","@id":"https:\/\/villadelsueno.com\/es\/dining\/#breadcrumb","itemListElement":[{"@type":"ListItem","position":1,"name":"Home","item":"https:\/\/villadelsueno.com\/es\/"},{"@type":"ListItem","position":2,"name":"Restaurante"}]},{"@type":"WebSite","@id":"https:\/\/villadelsueno.com\/es\/#website","url":"https:\/\/villadelsueno.com\/es\/","name":"Villa del Sueno - Es","description":"","potentialAction":[{"@type":"SearchAction","target":{"@type":"EntryPoint","urlTemplate":"https:\/\/villadelsueno.com\/es\/?s={search_term_string}"},"query-input":"required name=search_term_string"}],"inLanguage":"es-CR"}]}},"_links":{"self":[{"href":"https:\/\/villadelsueno.com\/es\/wp-json\/wp\/v2\/pages\/57"}],"collection":[{"href":"https:\/\/villadelsueno.com\/es\/wp-json\/wp\/v2\/pages"}],"about":[{"href":"https:\/\/villadelsueno.com\/es\/wp-json\/wp\/v2\/types\/page"}],"author":[{"embeddable":true,"href":"https:\/\/villadelsueno.com\/es\/wp-json\/wp\/v2\/users\/2"}],"replies":[{"embeddable":true,"href":"https:\/\/villadelsueno.com\/es\/wp-json\/wp\/v2\/comments?post=57"}],"version-history":[{"count":61,"href":"https:\/\/villadelsueno.com\/es\/wp-json\/wp\/v2\/pages\/57\/revisions"}],"predecessor-version":[{"id":1411,"href":"https:\/\/villadelsueno.com\/es\/wp-json\/wp\/v2\/pages\/57\/revisions\/1411"}],"wp:attachment":[{"href":"https:\/\/villadelsueno.com\/es\/wp-json\/wp\/v2\/media?parent=57"}],"curies":[{"name":"wp","href":"https:\/\/api.w.org\/{rel}","templated":true}]}}