{"id":532,"date":"2017-11-15T17:53:33","date_gmt":"2017-11-15T17:53:33","guid":{"rendered":"https:\/\/villadelsueno.com\/villadelsueno-2\/?page_id=532"},"modified":"2018-02-21T16:53:24","modified_gmt":"2018-02-21T16:53:24","slug":"about-us","status":"publish","type":"page","link":"https:\/\/villadelsueno.com\/es\/about-us\/","title":{"rendered":"Sobre Nosotros"},"content":{"rendered":"<div class=\"wpb-content-wrapper\"><p>[vc_row][vc_column width=&#8221;1\/3&#8243;][vc_column_text]<\/p>\n<h2 style=\"text-align: center;\"><span style=\"font-size: 36px;\">Quienes Somos<\/span><\/h2>\n<p>Considerado como un establecimiento pionero de Playa Hermosa, Villa del Sue\u00f1o es ante todo el esfuerzo conjunto de un grupo de canadienses que contin\u00faan realizando su sue\u00f1o, un lugar donde todos son bienvenidos, donde se celebran las relaciones, la m\u00fasica, la naturaleza y la comida.<\/p>\n<p>M\u00e1s de 20 a\u00f1os despu\u00e9s, hemos conseguido atraer al equipo m\u00e1s comprometido y conocedor que tiene su mejor inter\u00e9s a pecho&#8230; Ning\u00fan esfuerzo se ahorra para hacer su estancia inolvidable.[\/vc_column_text][\/vc_column][vc_column width=&#8221;1\/3&#8243;][vc_column_text]<\/p>\n<h2 style=\"text-align: center;\"><span style=\"font-size: 36px;\">Nuestra misi\u00f3n<\/span><\/h2>\n<p>Villa del Sue\u00f1o se propone ofrecer una amplia gama de opciones de alojamiento en la b\u00fasqueda de satisfacer todas las necesidades de nuestros hu\u00e9spedes. Nos esforzamos por ofrecer lo mejor, y trabajar como un equipo para proporcionar la excelencia en todos los aspectos de los servicios extendidos a usted. Nos preocupamos por los detalles que marcan la diferencia; El ambiente, el confort, la privacidad y el respeto de la individualidad, para crear un lugar \u00fanico donde tanto los visitantes extranjeros como nacionales se re\u00fanen para descansar, descubrir, compartir y disfrutar.[\/vc_column_text][\/vc_column][vc_column width=&#8221;1\/3&#8243;][vc_column_text]<\/p>\n<h2 style=\"text-align: center;\"><span style=\"font-size: 36px;\">Nuestra visi\u00f3n<\/span><\/h2>\n<p>Mantener nuestro ranking como un Hotel Boutique l\u00edder ofreciendo un apoyo continuo y servicios integrales con los m\u00e1s altos est\u00e1ndares y valores para la comunidad de Playa Hermosa, el medio ambiente, nuestros colaboradores y lo m\u00e1s importante nuestros hu\u00e9spedes.<\/p>\n<p>Seguir nuestro lema &#8220;Todo sobre la gente&#8221;<br \/>\n[\/vc_column_text][\/vc_column][\/vc_row]<\/p>\n<\/div>","protected":false},"excerpt":{"rendered":"<p>[vc_row][vc_column width=&#8221;1\/3&#8243;][vc_column_text] Quienes Somos Considerado como un establecimiento pionero de Playa Hermosa, Villa del Sue\u00f1o es ante todo el esfuerzo conjunto de un grupo de canadienses que contin\u00faan realizando su sue\u00f1o, un lugar donde todos son bienvenidos, donde se celebran las relaciones, la m\u00fasica, la naturaleza y la comida. M\u00e1s de 20 a\u00f1os despu\u00e9s, hemos &hellip; <a href=\"https:\/\/villadelsueno.com\/es\/about-us\/\" class=\"more-link\">Continue reading<span class=\"screen-reader-text\"> &#8220;Sobre Nosotros&#8221;<\/span><\/a><\/p>\n","protected":false},"author":2,"featured_media":0,"parent":0,"menu_order":0,"comment_status":"closed","ping_status":"closed","template":"","meta":{"_acf_changed":false,"_monsterinsights_skip_tracking":false,"_monsterinsights_sitenote_active":false,"_monsterinsights_sitenote_note":"","_monsterinsights_sitenote_category":0,"footnotes":""},"acf":[],"yoast_head":"<!-- This site is optimized with the Yoast SEO plugin v22.3 - https:\/\/yoast.com\/wordpress\/plugins\/seo\/ -->\n<title>Sobre Nosotros - Villa del Sueno - Es<\/title>\n<meta name=\"robots\" content=\"index, follow, max-snippet:-1, max-image-preview:large, max-video-preview:-1\" \/>\n<link rel=\"canonical\" href=\"https:\/\/villadelsueno.com\/es\/about-us\/\" \/>\n<meta property=\"og:locale\" content=\"es_ES\" \/>\n<meta property=\"og:type\" content=\"article\" \/>\n<meta property=\"og:title\" content=\"Sobre Nosotros - Villa del Sueno - Es\" \/>\n<meta property=\"og:description\" content=\"[vc_row][vc_column width=&#8221;1\/3&#8243;][vc_column_text] Quienes Somos Considerado como un establecimiento pionero de Playa Hermosa, Villa del Sue\u00f1o es ante todo el esfuerzo conjunto de un grupo de canadienses que contin\u00faan realizando su sue\u00f1o, un lugar donde todos son bienvenidos, donde se celebran las relaciones, la m\u00fasica, la naturaleza y la comida. M\u00e1s de 20 a\u00f1os despu\u00e9s, hemos &hellip; Continue reading &quot;Sobre Nosotros&quot;\" \/>\n<meta property=\"og:url\" content=\"https:\/\/villadelsueno.com\/es\/about-us\/\" \/>\n<meta property=\"og:site_name\" content=\"Villa del Sueno - Es\" \/>\n<meta property=\"article:modified_time\" content=\"2018-02-21T16:53:24+00:00\" \/>\n<meta name=\"twitter:card\" content=\"summary_large_image\" \/>\n<meta name=\"twitter:label1\" content=\"Est. reading time\" \/>\n\t<meta name=\"twitter:data1\" content=\"1 minuto\" \/>\n<script type=\"application\/ld+json\" class=\"yoast-schema-graph\">{\"@context\":\"https:\/\/schema.org\",\"@graph\":[{\"@type\":\"WebPage\",\"@id\":\"https:\/\/villadelsueno.com\/es\/about-us\/\",\"url\":\"https:\/\/villadelsueno.com\/es\/about-us\/\",\"name\":\"Sobre Nosotros - Villa del Sueno - Es\",\"isPartOf\":{\"@id\":\"https:\/\/villadelsueno.com\/es\/#website\"},\"datePublished\":\"2017-11-15T17:53:33+00:00\",\"dateModified\":\"2018-02-21T16:53:24+00:00\",\"breadcrumb\":{\"@id\":\"https:\/\/villadelsueno.com\/es\/about-us\/#breadcrumb\"},\"inLanguage\":\"es-CR\",\"potentialAction\":[{\"@type\":\"ReadAction\",\"target\":[\"https:\/\/villadelsueno.com\/es\/about-us\/\"]}]},{\"@type\":\"BreadcrumbList\",\"@id\":\"https:\/\/villadelsueno.com\/es\/about-us\/#breadcrumb\",\"itemListElement\":[{\"@type\":\"ListItem\",\"position\":1,\"name\":\"Home\",\"item\":\"https:\/\/villadelsueno.com\/es\/\"},{\"@type\":\"ListItem\",\"position\":2,\"name\":\"Sobre Nosotros\"}]},{\"@type\":\"WebSite\",\"@id\":\"https:\/\/villadelsueno.com\/es\/#website\",\"url\":\"https:\/\/villadelsueno.com\/es\/\",\"name\":\"Villa del Sueno - Es\",\"description\":\"\",\"potentialAction\":[{\"@type\":\"SearchAction\",\"target\":{\"@type\":\"EntryPoint\",\"urlTemplate\":\"https:\/\/villadelsueno.com\/es\/?s={search_term_string}\"},\"query-input\":\"required name=search_term_string\"}],\"inLanguage\":\"es-CR\"}]}<\/script>\n<!-- \/ Yoast SEO plugin. -->","yoast_head_json":{"title":"Sobre Nosotros - Villa del Sueno - Es","robots":{"index":"index","follow":"follow","max-snippet":"max-snippet:-1","max-image-preview":"max-image-preview:large","max-video-preview":"max-video-preview:-1"},"canonical":"https:\/\/villadelsueno.com\/es\/about-us\/","og_locale":"es_ES","og_type":"article","og_title":"Sobre Nosotros - Villa del Sueno - Es","og_description":"[vc_row][vc_column width=&#8221;1\/3&#8243;][vc_column_text] Quienes Somos Considerado como un establecimiento pionero de Playa Hermosa, Villa del Sue\u00f1o es ante todo el esfuerzo conjunto de un grupo de canadienses que contin\u00faan realizando su sue\u00f1o, un lugar donde todos son bienvenidos, donde se celebran las relaciones, la m\u00fasica, la naturaleza y la comida. M\u00e1s de 20 a\u00f1os despu\u00e9s, hemos &hellip; Continue reading \"Sobre Nosotros\"","og_url":"https:\/\/villadelsueno.com\/es\/about-us\/","og_site_name":"Villa del Sueno - Es","article_modified_time":"2018-02-21T16:53:24+00:00","twitter_card":"summary_large_image","twitter_misc":{"Est. reading time":"1 minuto"},"schema":{"@context":"https:\/\/schema.org","@graph":[{"@type":"WebPage","@id":"https:\/\/villadelsueno.com\/es\/about-us\/","url":"https:\/\/villadelsueno.com\/es\/about-us\/","name":"Sobre Nosotros - Villa del Sueno - Es","isPartOf":{"@id":"https:\/\/villadelsueno.com\/es\/#website"},"datePublished":"2017-11-15T17:53:33+00:00","dateModified":"2018-02-21T16:53:24+00:00","breadcrumb":{"@id":"https:\/\/villadelsueno.com\/es\/about-us\/#breadcrumb"},"inLanguage":"es-CR","potentialAction":[{"@type":"ReadAction","target":["https:\/\/villadelsueno.com\/es\/about-us\/"]}]},{"@type":"BreadcrumbList","@id":"https:\/\/villadelsueno.com\/es\/about-us\/#breadcrumb","itemListElement":[{"@type":"ListItem","position":1,"name":"Home","item":"https:\/\/villadelsueno.com\/es\/"},{"@type":"ListItem","position":2,"name":"Sobre Nosotros"}]},{"@type":"WebSite","@id":"https:\/\/villadelsueno.com\/es\/#website","url":"https:\/\/villadelsueno.com\/es\/","name":"Villa del Sueno - Es","description":"","potentialAction":[{"@type":"SearchAction","target":{"@type":"EntryPoint","urlTemplate":"https:\/\/villadelsueno.com\/es\/?s={search_term_string}"},"query-input":"required name=search_term_string"}],"inLanguage":"es-CR"}]}},"_links":{"self":[{"href":"https:\/\/villadelsueno.com\/es\/wp-json\/wp\/v2\/pages\/532"}],"collection":[{"href":"https:\/\/villadelsueno.com\/es\/wp-json\/wp\/v2\/pages"}],"about":[{"href":"https:\/\/villadelsueno.com\/es\/wp-json\/wp\/v2\/types\/page"}],"author":[{"embeddable":true,"href":"https:\/\/villadelsueno.com\/es\/wp-json\/wp\/v2\/users\/2"}],"replies":[{"embeddable":true,"href":"https:\/\/villadelsueno.com\/es\/wp-json\/wp\/v2\/comments?post=532"}],"version-history":[{"count":7,"href":"https:\/\/villadelsueno.com\/es\/wp-json\/wp\/v2\/pages\/532\/revisions"}],"predecessor-version":[{"id":642,"href":"https:\/\/villadelsueno.com\/es\/wp-json\/wp\/v2\/pages\/532\/revisions\/642"}],"wp:attachment":[{"href":"https:\/\/villadelsueno.com\/es\/wp-json\/wp\/v2\/media?parent=532"}],"curies":[{"name":"wp","href":"https:\/\/api.w.org\/{rel}","templated":true}]}}