{"id":1087,"date":"2023-06-07T16:55:34","date_gmt":"2023-06-07T16:55:34","guid":{"rendered":"https:\/\/villadelsueno.com\/es\/?page_id=1087"},"modified":"2026-01-06T21:44:36","modified_gmt":"2026-01-06T21:44:36","slug":"alquiler-de-autos","status":"publish","type":"page","link":"https:\/\/villadelsueno.com\/es\/alquiler-de-autos\/","title":{"rendered":"Alquiler de autos"},"content":{"rendered":"<div class=\"wpb-content-wrapper\"><p>[vc_row full_width=&#8221;stretch_row&#8221;][vc_column width=&#8221;1\/3&#8243; offset=&#8221;vc_col-lg-offset-2&#8243;][vc_single_image image=&#8221;1088&#8243; img_size=&#8221;full&#8221; alignment=&#8221;center&#8221; css=&#8221;.vc_custom_1686156812690{border-top-width: 2px !important;border-right-width: 2px !important;border-bottom-width: 2px !important;border-left-width: 2px !important;padding-top: 2px !important;padding-right: 2px !important;padding-bottom: 2px !important;padding-left: 2px !important;border-left-color: #e8641b !important;border-left-style: solid !important;border-right-color: #e8641b !important;border-right-style: solid !important;border-top-color: #e8641b !important;border-top-style: solid !important;border-bottom-color: #e8641b !important;border-bottom-style: solid !important;}&#8221;][vc_column_text]Para sus necesidades de alquiler de autom\u00f3viles, nos enorgullece recomendar\u00a0Adobe Rent a Car.<\/p>\n<p>Pueden encontrarse con un servicio personalizado y competente, una flota de veh\u00edculos variada y confiable para atender todas sus necesidades y una gran asistencia en todo el pa\u00eds.<\/p>\n<p>Use este m\u00f3dulo para elegir su veh\u00edculo y obtener una cotizaci\u00f3n instant\u00e1nea con nuestra tarifa especial con descuento.[\/vc_column_text][\/vc_column][vc_column width=&#8221;1\/3&#8243;][vc_raw_html el_class=&#8221;text-center&#8221;]JTNDaWZyYW1lJTIwaWQlM0QlMjdNaW5pJTI3JTIwZnJhbWVib3JkZXIlM0QlMjdubyUyNyUyMHNjcm9sbGluZyUzRCUyN25vJTI3JTIwcnVuYXQlM0QlMjdzZXJ2ZXIlMjclMjBzdHlsZSUzRCUyN3dpZHRoJTNBJTIwMTAwJTI1JTNCaGVpZ2h0JTNBJTIwODAwcHglM0IlMjclMjBzcmMlM0QlMjdodHRwJTNBJTJGJTJGd3d3LmFkb2JlY2FyLmNyJTJGTWluaUZyYW1lLmFzcHglM0ZpZCUzREg5MDMlMjZsYW5nJTNERVNQJTI2QmFja0NvbG9yJTNEMmQ4YmExJTI3JTNFJTNDJTJGaWZyYW1lJTNF[\/vc_raw_html][\/vc_column][\/vc_row]<\/p>\n<\/div>","protected":false},"excerpt":{"rendered":"<p>[vc_row full_width=&#8221;stretch_row&#8221;][vc_column width=&#8221;1\/3&#8243; offset=&#8221;vc_col-lg-offset-2&#8243;][vc_single_image image=&#8221;1088&#8243; img_size=&#8221;full&#8221; alignment=&#8221;center&#8221; css=&#8221;.vc_custom_1686156812690{border-top-width: 2px !important;border-right-width: 2px !important;border-bottom-width: 2px !important;border-left-width: 2px !important;padding-top: 2px !important;padding-right: 2px !important;padding-bottom: 2px !important;padding-left: 2px !important;border-left-color: #e8641b !important;border-left-style: solid !important;border-right-color: #e8641b !important;border-right-style: solid !important;border-top-color: #e8641b !important;border-top-style: solid !important;border-bottom-color: #e8641b !important;border-bottom-style: solid !important;}&#8221;][vc_column_text]Para sus necesidades de alquiler de autom\u00f3viles, nos enorgullece recomendar\u00a0Adobe Rent a Car. Pueden encontrarse con &hellip; <a href=\"https:\/\/villadelsueno.com\/es\/alquiler-de-autos\/\" class=\"more-link\">Continue reading<span class=\"screen-reader-text\"> &#8220;Alquiler de autos&#8221;<\/span><\/a><\/p>\n","protected":false},"author":2,"featured_media":0,"parent":0,"menu_order":0,"comment_status":"closed","ping_status":"closed","template":"","meta":{"_acf_changed":false,"_monsterinsights_skip_tracking":false,"_monsterinsights_sitenote_active":false,"_monsterinsights_sitenote_note":"","_monsterinsights_sitenote_category":0,"footnotes":""},"acf":[],"yoast_head":"<!-- This site is optimized with the Yoast SEO plugin v22.3 - https:\/\/yoast.com\/wordpress\/plugins\/seo\/ -->\n<title>Alquiler de autos - Villa del Sueno - Es<\/title>\n<meta name=\"robots\" content=\"index, follow, max-snippet:-1, max-image-preview:large, max-video-preview:-1\" \/>\n<link rel=\"canonical\" href=\"https:\/\/villadelsueno.com\/es\/alquiler-de-autos\/\" \/>\n<meta property=\"og:locale\" content=\"es_ES\" \/>\n<meta property=\"og:type\" content=\"article\" \/>\n<meta property=\"og:title\" content=\"Alquiler de autos - Villa del Sueno - Es\" \/>\n<meta property=\"og:description\" content=\"[vc_row full_width=&#8221;stretch_row&#8221;][vc_column width=&#8221;1\/3&#8243; offset=&#8221;vc_col-lg-offset-2&#8243;][vc_single_image image=&#8221;1088&#8243; img_size=&#8221;full&#8221; alignment=&#8221;center&#8221; css=&#8221;.vc_custom_1686156812690{border-top-width: 2px !important;border-right-width: 2px !important;border-bottom-width: 2px !important;border-left-width: 2px !important;padding-top: 2px !important;padding-right: 2px !important;padding-bottom: 2px !important;padding-left: 2px !important;border-left-color: #e8641b !important;border-left-style: solid !important;border-right-color: #e8641b !important;border-right-style: solid !important;border-top-color: #e8641b !important;border-top-style: solid !important;border-bottom-color: #e8641b !important;border-bottom-style: solid !important;}&#8221;][vc_column_text]Para sus necesidades de alquiler de autom\u00f3viles, nos enorgullece recomendar\u00a0Adobe Rent a Car. Pueden encontrarse con &hellip; Continue reading &quot;Alquiler de autos&quot;\" \/>\n<meta property=\"og:url\" content=\"https:\/\/villadelsueno.com\/es\/alquiler-de-autos\/\" \/>\n<meta property=\"og:site_name\" content=\"Villa del Sueno - Es\" \/>\n<meta property=\"article:modified_time\" content=\"2026-01-06T21:44:36+00:00\" \/>\n<meta name=\"twitter:card\" content=\"summary_large_image\" \/>\n<meta name=\"twitter:label1\" content=\"Est. reading time\" \/>\n\t<meta name=\"twitter:data1\" content=\"1 minuto\" \/>\n<script type=\"application\/ld+json\" class=\"yoast-schema-graph\">{\"@context\":\"https:\/\/schema.org\",\"@graph\":[{\"@type\":\"WebPage\",\"@id\":\"https:\/\/villadelsueno.com\/es\/alquiler-de-autos\/\",\"url\":\"https:\/\/villadelsueno.com\/es\/alquiler-de-autos\/\",\"name\":\"Alquiler de autos - Villa del Sueno - Es\",\"isPartOf\":{\"@id\":\"https:\/\/villadelsueno.com\/es\/#website\"},\"datePublished\":\"2023-06-07T16:55:34+00:00\",\"dateModified\":\"2026-01-06T21:44:36+00:00\",\"breadcrumb\":{\"@id\":\"https:\/\/villadelsueno.com\/es\/alquiler-de-autos\/#breadcrumb\"},\"inLanguage\":\"es-CR\",\"potentialAction\":[{\"@type\":\"ReadAction\",\"target\":[\"https:\/\/villadelsueno.com\/es\/alquiler-de-autos\/\"]}]},{\"@type\":\"BreadcrumbList\",\"@id\":\"https:\/\/villadelsueno.com\/es\/alquiler-de-autos\/#breadcrumb\",\"itemListElement\":[{\"@type\":\"ListItem\",\"position\":1,\"name\":\"Home\",\"item\":\"https:\/\/villadelsueno.com\/es\/\"},{\"@type\":\"ListItem\",\"position\":2,\"name\":\"Alquiler de autos\"}]},{\"@type\":\"WebSite\",\"@id\":\"https:\/\/villadelsueno.com\/es\/#website\",\"url\":\"https:\/\/villadelsueno.com\/es\/\",\"name\":\"Villa del Sueno - Es\",\"description\":\"\",\"potentialAction\":[{\"@type\":\"SearchAction\",\"target\":{\"@type\":\"EntryPoint\",\"urlTemplate\":\"https:\/\/villadelsueno.com\/es\/?s={search_term_string}\"},\"query-input\":\"required name=search_term_string\"}],\"inLanguage\":\"es-CR\"}]}<\/script>\n<!-- \/ Yoast SEO plugin. -->","yoast_head_json":{"title":"Alquiler de autos - Villa del Sueno - Es","robots":{"index":"index","follow":"follow","max-snippet":"max-snippet:-1","max-image-preview":"max-image-preview:large","max-video-preview":"max-video-preview:-1"},"canonical":"https:\/\/villadelsueno.com\/es\/alquiler-de-autos\/","og_locale":"es_ES","og_type":"article","og_title":"Alquiler de autos - Villa del Sueno - Es","og_description":"[vc_row full_width=&#8221;stretch_row&#8221;][vc_column width=&#8221;1\/3&#8243; offset=&#8221;vc_col-lg-offset-2&#8243;][vc_single_image image=&#8221;1088&#8243; img_size=&#8221;full&#8221; alignment=&#8221;center&#8221; css=&#8221;.vc_custom_1686156812690{border-top-width: 2px !important;border-right-width: 2px !important;border-bottom-width: 2px !important;border-left-width: 2px !important;padding-top: 2px !important;padding-right: 2px !important;padding-bottom: 2px !important;padding-left: 2px !important;border-left-color: #e8641b !important;border-left-style: solid !important;border-right-color: #e8641b !important;border-right-style: solid !important;border-top-color: #e8641b !important;border-top-style: solid !important;border-bottom-color: #e8641b !important;border-bottom-style: solid !important;}&#8221;][vc_column_text]Para sus necesidades de alquiler de autom\u00f3viles, nos enorgullece recomendar\u00a0Adobe Rent a Car. Pueden encontrarse con &hellip; Continue reading \"Alquiler de autos\"","og_url":"https:\/\/villadelsueno.com\/es\/alquiler-de-autos\/","og_site_name":"Villa del Sueno - Es","article_modified_time":"2026-01-06T21:44:36+00:00","twitter_card":"summary_large_image","twitter_misc":{"Est. reading time":"1 minuto"},"schema":{"@context":"https:\/\/schema.org","@graph":[{"@type":"WebPage","@id":"https:\/\/villadelsueno.com\/es\/alquiler-de-autos\/","url":"https:\/\/villadelsueno.com\/es\/alquiler-de-autos\/","name":"Alquiler de autos - Villa del Sueno - Es","isPartOf":{"@id":"https:\/\/villadelsueno.com\/es\/#website"},"datePublished":"2023-06-07T16:55:34+00:00","dateModified":"2026-01-06T21:44:36+00:00","breadcrumb":{"@id":"https:\/\/villadelsueno.com\/es\/alquiler-de-autos\/#breadcrumb"},"inLanguage":"es-CR","potentialAction":[{"@type":"ReadAction","target":["https:\/\/villadelsueno.com\/es\/alquiler-de-autos\/"]}]},{"@type":"BreadcrumbList","@id":"https:\/\/villadelsueno.com\/es\/alquiler-de-autos\/#breadcrumb","itemListElement":[{"@type":"ListItem","position":1,"name":"Home","item":"https:\/\/villadelsueno.com\/es\/"},{"@type":"ListItem","position":2,"name":"Alquiler de autos"}]},{"@type":"WebSite","@id":"https:\/\/villadelsueno.com\/es\/#website","url":"https:\/\/villadelsueno.com\/es\/","name":"Villa del Sueno - Es","description":"","potentialAction":[{"@type":"SearchAction","target":{"@type":"EntryPoint","urlTemplate":"https:\/\/villadelsueno.com\/es\/?s={search_term_string}"},"query-input":"required name=search_term_string"}],"inLanguage":"es-CR"}]}},"_links":{"self":[{"href":"https:\/\/villadelsueno.com\/es\/wp-json\/wp\/v2\/pages\/1087"}],"collection":[{"href":"https:\/\/villadelsueno.com\/es\/wp-json\/wp\/v2\/pages"}],"about":[{"href":"https:\/\/villadelsueno.com\/es\/wp-json\/wp\/v2\/types\/page"}],"author":[{"embeddable":true,"href":"https:\/\/villadelsueno.com\/es\/wp-json\/wp\/v2\/users\/2"}],"replies":[{"embeddable":true,"href":"https:\/\/villadelsueno.com\/es\/wp-json\/wp\/v2\/comments?post=1087"}],"version-history":[{"count":4,"href":"https:\/\/villadelsueno.com\/es\/wp-json\/wp\/v2\/pages\/1087\/revisions"}],"predecessor-version":[{"id":1413,"href":"https:\/\/villadelsueno.com\/es\/wp-json\/wp\/v2\/pages\/1087\/revisions\/1413"}],"wp:attachment":[{"href":"https:\/\/villadelsueno.com\/es\/wp-json\/wp\/v2\/media?parent=1087"}],"curies":[{"name":"wp","href":"https:\/\/api.w.org\/{rel}","templated":true}]}}